{"id":31188,"date":"2020-12-03T10:05:09","date_gmt":"2020-12-03T07:05:09","guid":{"rendered":"https:\/\/avicennaint.com\/?page_id=31188"},"modified":"2025-03-15T01:22:17","modified_gmt":"2025-03-14T22:22:17","slug":"stories","status":"publish","type":"page","link":"https:\/\/avicennaint.com\/ar\/stories\/","title":{"rendered":"Avicenna Stories"},"content":{"rendered":"\t\t<div data-elementor-type=\"wp-page\" data-elementor-id=\"31188\" class=\"elementor elementor-31188\" data-elementor-post-type=\"page\">\n\t\t\t\t\t\t<section class=\"elementor-section elementor-top-section elementor-element elementor-element-5d393a7 elementor-section-boxed elementor-section-height-default elementor-section-height-default\" data-id=\"5d393a7\" data-element_type=\"section\" data-e-type=\"section\">\n\t\t\t\t\t\t<div class=\"elementor-container elementor-column-gap-default\">\n\t\t\t\t\t<div class=\"elementor-column elementor-col-100 elementor-top-column elementor-element elementor-element-b4e8268\" data-id=\"b4e8268\" data-element_type=\"column\" data-e-type=\"column\">\n\t\t\t<div class=\"elementor-widget-wrap elementor-element-populated\">\n\t\t\t\t\t\t<div class=\"elementor-element elementor-element-dfdcac9 elementor-widget elementor-widget-html\" data-id=\"dfdcac9\" data-element_type=\"widget\" data-e-type=\"widget\" data-widget_type=\"html.default\">\n\t\t\t\t<div class=\"elementor-widget-container\">\n\t\t\t\t\t<div id=\"youtube-shorts-feed\"><\/div>\n\n<script>\n  async function fetchYouTubeShorts() {\n      const API_KEY = \"AIzaSyD5TZyUfoJenYjRHtcdEAjuDmQjHfcQDps\"; \/\/ Buraya kendi API key'inizi ekleyin\n      const CHANNEL_ID = \"UCRxUVQo175JMsSoOQBOuk9Q\"; \/\/ Buraya kanal ID'nizi ekleyin\n      const MAX_RESULTS = 10; \/\/ Ka\u00e7 video g\u00f6stermek istedi\u011finizi belirleyin\n      const SEARCH_TAG = \"#avicenna_ar\"; \/\/ \u00d6zel etiketi buraya yaz\u0131n\n\n      const url = `https:\/\/www.googleapis.com\/youtube\/v3\/search?key=${API_KEY}&channelId=${CHANNEL_ID}&part=snippet,id&maxResults=${MAX_RESULTS}&q=${encodeURIComponent(SEARCH_TAG)}&order=date`;\n\n      try {\n          const response = await fetch(url);\n          const data = await response.json();\n\n          let videosHTML = \"\";\n          data.items.forEach((item) => {\n              if (item.id.videoId) {\n                  videosHTML += `\n                      <div class=\"shorts-video\">\n                          <iframe width=\"200\" height=\"350\" src=\"https:\/\/www.youtube.com\/embed\/${item.id.videoId}\" frameborder=\"0\" allowfullscreen><\/iframe>\n                      <\/div>`;\n              }\n          });\n\n          document.getElementById(\"youtube-shorts-feed\").innerHTML = videosHTML;\n      } catch (error) {\n          console.error(\"YouTube Shorts videolar\u0131 al\u0131namad\u0131:\", error);\n      }\n  }\n\n  fetchYouTubeShorts();\n<\/script>\n\n<style>\n  #youtube-shorts-feed {\n      display: flex;\n      flex-wrap: wrap;\n      gap: 10px;\n      justify-content: center;\n  }\n  .shorts-video {\n      width: 200px;\n  }\n<\/style>\t\t\t\t<\/div>\n\t\t\t\t<\/div>\n\t\t\t\t\t<\/div>\n\t\t<\/div>\n\t\t\t\t\t<\/div>\n\t\t<\/section>\n\t\t\t\t<section class=\"elementor-section elementor-top-section elementor-element elementor-element-7e9e681 elementor-section-boxed elementor-section-height-default elementor-section-height-default\" data-id=\"7e9e681\" data-element_type=\"section\" data-e-type=\"section\">\n\t\t\t\t\t\t<div class=\"elementor-container elementor-column-gap-default\">\n\t\t\t\t\t<div class=\"elementor-column elementor-col-100 elementor-top-column elementor-element elementor-element-730c211\" data-id=\"730c211\" data-element_type=\"column\" data-e-type=\"column\">\n\t\t\t<div class=\"elementor-widget-wrap elementor-element-populated\">\n\t\t\t\t\t\t<div class=\"elementor-element elementor-element-ccd6358 elementor-align-justify elementor-widget elementor-widget-button\" data-id=\"ccd6358\" data-element_type=\"widget\" data-e-type=\"widget\" data-widget_type=\"button.default\">\n\t\t\t\t<div class=\"elementor-widget-container\">\n\t\t\t\t\t\t\t\t\t<div class=\"elementor-button-wrapper\">\n\t\t\t\t\t<a class=\"elementor-button elementor-button-link elementor-size-sm\" href=\"https:\/\/www.youtube.com\/hashtag\/avicenna_ar\" target=\"_blank\">\n\t\t\t\t\t\t<span class=\"elementor-button-content-wrapper\">\n\t\t\t\t\t\t\t\t\t<span class=\"elementor-button-text\"> \u0644\u0645\u0634\u0627\u0647\u062f\u0629 \u0627\u0644\u0645\u0632\u064a\u062f \u0645\u0646 \u0627\u0644\u0641\u064a\u062f\u0648\u0647\u0627\u062a<\/span>\n\t\t\t\t\t<\/span>\n\t\t\t\t\t<\/a>\n\t\t\t\t<\/div>\n\t\t\t\t\t\t\t\t<\/div>\n\t\t\t\t<\/div>\n\t\t\t\t\t<\/div>\n\t\t<\/div>\n\t\t\t\t\t<\/div>\n\t\t<\/section>\n\t\t\t\t<\/div>\n\t\t","protected":false},"excerpt":{"rendered":"<p>\u0644\u0645\u0634\u0627\u0647\u062f\u0629 \u0627\u0644\u0645\u0632\u064a\u062f \u0645\u0646 \u0627\u0644\u0641\u064a\u062f\u0648\u0647\u0627\u062a<\/p>\n","protected":false},"author":2,"featured_media":0,"parent":0,"menu_order":0,"comment_status":"closed","ping_status":"closed","template":"","meta":{"footnotes":""},"class_list":["post-31188","page","type-page","status-publish","hentry"],"yoast_head":"<!-- This site is optimized with the Yoast SEO Premium plugin v27.3 (Yoast SEO v27.3) - https:\/\/yoast.com\/product\/yoast-seo-premium-wordpress\/ -->\n<title>Avicenna Stories | \u0645\u0633\u062a\u0634\u0641\u0649 \u0623\u0641\u064a\u0633\u064a\u0646\u0627<\/title>\n<meta name=\"robots\" content=\"index, follow, max-snippet:-1, max-image-preview:large, max-video-preview:-1\" \/>\n<link rel=\"canonical\" href=\"https:\/\/avicennaint.com\/ar\/stories\/\" \/>\n<meta property=\"og:locale\" content=\"ar_AR\" \/>\n<meta property=\"og:type\" content=\"article\" \/>\n<meta property=\"og:title\" content=\"Avicenna Stories\" \/>\n<meta property=\"og:description\" content=\"\u0644\u0645\u0634\u0627\u0647\u062f\u0629 \u0627\u0644\u0645\u0632\u064a\u062f \u0645\u0646 \u0627\u0644\u0641\u064a\u062f\u0648\u0647\u0627\u062a\" \/>\n<meta property=\"og:url\" content=\"https:\/\/avicennaint.com\/ar\/stories\/\" \/>\n<meta property=\"og:site_name\" content=\"\u0645\u0633\u062a\u0634\u0641\u0649 \u0623\u0641\u064a\u0633\u064a\u0646\u0627\" \/>\n<meta property=\"article:publisher\" content=\"https:\/\/www.facebook.com\/avicennaint\" \/>\n<meta property=\"article:modified_time\" content=\"2025-03-14T22:22:17+00:00\" \/>\n<meta name=\"twitter:card\" content=\"summary_large_image\" \/>\n<meta name=\"twitter:site\" content=\"@avicennaintcom\" \/>\n<script type=\"application\/ld+json\" class=\"yoast-schema-graph\">{\"@context\":\"https:\\\/\\\/schema.org\",\"@graph\":[{\"@type\":\"WebPage\",\"@id\":\"https:\\\/\\\/avicennaint.com\\\/ar\\\/stories\\\/\",\"url\":\"https:\\\/\\\/avicennaint.com\\\/ar\\\/stories\\\/\",\"name\":\"Avicenna Stories | \u0645\u0633\u062a\u0634\u0641\u0649 \u0623\u0641\u064a\u0633\u064a\u0646\u0627\",\"isPartOf\":{\"@id\":\"https:\\\/\\\/avicennaint.com\\\/ar\\\/#website\"},\"datePublished\":\"2020-12-03T07:05:09+00:00\",\"dateModified\":\"2025-03-14T22:22:17+00:00\",\"breadcrumb\":{\"@id\":\"https:\\\/\\\/avicennaint.com\\\/ar\\\/stories\\\/#breadcrumb\"},\"inLanguage\":\"ar\",\"potentialAction\":[{\"@type\":\"ReadAction\",\"target\":[\"https:\\\/\\\/avicennaint.com\\\/ar\\\/stories\\\/\"]}]},{\"@type\":\"BreadcrumbList\",\"@id\":\"https:\\\/\\\/avicennaint.com\\\/ar\\\/stories\\\/#breadcrumb\",\"itemListElement\":[{\"@type\":\"ListItem\",\"position\":1,\"name\":\"Home\",\"item\":\"https:\\\/\\\/avicennaint.com\\\/ar\\\/\"},{\"@type\":\"ListItem\",\"position\":2,\"name\":\"Avicenna Stories\"}]},{\"@type\":\"WebSite\",\"@id\":\"https:\\\/\\\/avicennaint.com\\\/ar\\\/#website\",\"url\":\"https:\\\/\\\/avicennaint.com\\\/ar\\\/\",\"name\":\"Avicenna Hastanesi\",\"description\":\"\u0645\u0633\u062a\u0634\u0641\u0649 \u0627\u062a\u0627\u0634\u0647\u064a\u0631 \u0623\u0641\u064a\u0633\u064a\u0646\u0627 \u0627\u0644\u0639\u0627\u0644\u0645\u064a\",\"publisher\":{\"@id\":\"https:\\\/\\\/avicennaint.com\\\/ar\\\/#organization\"},\"alternateName\":\"Avicenna\",\"potentialAction\":[{\"@type\":\"SearchAction\",\"target\":{\"@type\":\"EntryPoint\",\"urlTemplate\":\"https:\\\/\\\/avicennaint.com\\\/ar\\\/?s={search_term_string}\"},\"query-input\":{\"@type\":\"PropertyValueSpecification\",\"valueRequired\":true,\"valueName\":\"search_term_string\"}}],\"inLanguage\":\"ar\"},{\"@type\":\"Organization\",\"@id\":\"https:\\\/\\\/avicennaint.com\\\/ar\\\/#organization\",\"name\":\"Avicenna Hastanesi\",\"alternateName\":\"Avicenna Hospital\",\"url\":\"https:\\\/\\\/avicennaint.com\\\/ar\\\/\",\"logo\":{\"@type\":\"ImageObject\",\"inLanguage\":\"ar\",\"@id\":\"https:\\\/\\\/avicennaint.com\\\/ar\\\/#\\\/schema\\\/logo\\\/image\\\/\",\"url\":\"https:\\\/\\\/avicennaint.com\\\/wp-content\\\/uploads\\\/2021\\\/04\\\/avicenna-logo-kare-blog.jpg\",\"contentUrl\":\"https:\\\/\\\/avicennaint.com\\\/wp-content\\\/uploads\\\/2021\\\/04\\\/avicenna-logo-kare-blog.jpg\",\"width\":800,\"height\":450,\"caption\":\"Avicenna Hastanesi\"},\"image\":{\"@id\":\"https:\\\/\\\/avicennaint.com\\\/ar\\\/#\\\/schema\\\/logo\\\/image\\\/\"},\"sameAs\":[\"https:\\\/\\\/www.facebook.com\\\/avicennaint\",\"https:\\\/\\\/x.com\\\/avicennaintcom\",\"https:\\\/\\\/mastodon.social\\\/@avicenna\",\"https:\\\/\\\/www.instagram.com\\\/avicennahastanesi\\\/\",\"https:\\\/\\\/www.linkedin.com\\\/company\\\/avicennahastanesi\\\/\",\"https:\\\/\\\/www.youtube.com\\\/@avicennaint\\\/\",\"https:\\\/\\\/www.instagram.com\\\/avicennaint\\\/\"]}]}<\/script>\n<!-- \/ Yoast SEO Premium plugin. -->","yoast_head_json":{"title":"Avicenna Stories | \u0645\u0633\u062a\u0634\u0641\u0649 \u0623\u0641\u064a\u0633\u064a\u0646\u0627","robots":{"index":"index","follow":"follow","max-snippet":"max-snippet:-1","max-image-preview":"max-image-preview:large","max-video-preview":"max-video-preview:-1"},"canonical":"https:\/\/avicennaint.com\/ar\/stories\/","og_locale":"ar_AR","og_type":"article","og_title":"Avicenna Stories","og_description":"\u0644\u0645\u0634\u0627\u0647\u062f\u0629 \u0627\u0644\u0645\u0632\u064a\u062f \u0645\u0646 \u0627\u0644\u0641\u064a\u062f\u0648\u0647\u0627\u062a","og_url":"https:\/\/avicennaint.com\/ar\/stories\/","og_site_name":"\u0645\u0633\u062a\u0634\u0641\u0649 \u0623\u0641\u064a\u0633\u064a\u0646\u0627","article_publisher":"https:\/\/www.facebook.com\/avicennaint","article_modified_time":"2025-03-14T22:22:17+00:00","twitter_card":"summary_large_image","twitter_site":"@avicennaintcom","schema":{"@context":"https:\/\/schema.org","@graph":[{"@type":"WebPage","@id":"https:\/\/avicennaint.com\/ar\/stories\/","url":"https:\/\/avicennaint.com\/ar\/stories\/","name":"Avicenna Stories | \u0645\u0633\u062a\u0634\u0641\u0649 \u0623\u0641\u064a\u0633\u064a\u0646\u0627","isPartOf":{"@id":"https:\/\/avicennaint.com\/ar\/#website"},"datePublished":"2020-12-03T07:05:09+00:00","dateModified":"2025-03-14T22:22:17+00:00","breadcrumb":{"@id":"https:\/\/avicennaint.com\/ar\/stories\/#breadcrumb"},"inLanguage":"ar","potentialAction":[{"@type":"ReadAction","target":["https:\/\/avicennaint.com\/ar\/stories\/"]}]},{"@type":"BreadcrumbList","@id":"https:\/\/avicennaint.com\/ar\/stories\/#breadcrumb","itemListElement":[{"@type":"ListItem","position":1,"name":"Home","item":"https:\/\/avicennaint.com\/ar\/"},{"@type":"ListItem","position":2,"name":"Avicenna Stories"}]},{"@type":"WebSite","@id":"https:\/\/avicennaint.com\/ar\/#website","url":"https:\/\/avicennaint.com\/ar\/","name":"Avicenna Hastanesi","description":"\u0645\u0633\u062a\u0634\u0641\u0649 \u0627\u062a\u0627\u0634\u0647\u064a\u0631 \u0623\u0641\u064a\u0633\u064a\u0646\u0627 \u0627\u0644\u0639\u0627\u0644\u0645\u064a","publisher":{"@id":"https:\/\/avicennaint.com\/ar\/#organization"},"alternateName":"Avicenna","potentialAction":[{"@type":"SearchAction","target":{"@type":"EntryPoint","urlTemplate":"https:\/\/avicennaint.com\/ar\/?s={search_term_string}"},"query-input":{"@type":"PropertyValueSpecification","valueRequired":true,"valueName":"search_term_string"}}],"inLanguage":"ar"},{"@type":"Organization","@id":"https:\/\/avicennaint.com\/ar\/#organization","name":"Avicenna Hastanesi","alternateName":"Avicenna Hospital","url":"https:\/\/avicennaint.com\/ar\/","logo":{"@type":"ImageObject","inLanguage":"ar","@id":"https:\/\/avicennaint.com\/ar\/#\/schema\/logo\/image\/","url":"https:\/\/avicennaint.com\/wp-content\/uploads\/2021\/04\/avicenna-logo-kare-blog.jpg","contentUrl":"https:\/\/avicennaint.com\/wp-content\/uploads\/2021\/04\/avicenna-logo-kare-blog.jpg","width":800,"height":450,"caption":"Avicenna Hastanesi"},"image":{"@id":"https:\/\/avicennaint.com\/ar\/#\/schema\/logo\/image\/"},"sameAs":["https:\/\/www.facebook.com\/avicennaint","https:\/\/x.com\/avicennaintcom","https:\/\/mastodon.social\/@avicenna","https:\/\/www.instagram.com\/avicennahastanesi\/","https:\/\/www.linkedin.com\/company\/avicennahastanesi\/","https:\/\/www.youtube.com\/@avicennaint\/","https:\/\/www.instagram.com\/avicennaint\/"]}]}},"_links":{"self":[{"href":"https:\/\/avicennaint.com\/ar\/wp-json\/wp\/v2\/pages\/31188","targetHints":{"allow":["GET"]}}],"collection":[{"href":"https:\/\/avicennaint.com\/ar\/wp-json\/wp\/v2\/pages"}],"about":[{"href":"https:\/\/avicennaint.com\/ar\/wp-json\/wp\/v2\/types\/page"}],"author":[{"embeddable":true,"href":"https:\/\/avicennaint.com\/ar\/wp-json\/wp\/v2\/users\/2"}],"replies":[{"embeddable":true,"href":"https:\/\/avicennaint.com\/ar\/wp-json\/wp\/v2\/comments?post=31188"}],"version-history":[{"count":0,"href":"https:\/\/avicennaint.com\/ar\/wp-json\/wp\/v2\/pages\/31188\/revisions"}],"wp:attachment":[{"href":"https:\/\/avicennaint.com\/ar\/wp-json\/wp\/v2\/media?parent=31188"}],"curies":[{"name":"wp","href":"https:\/\/api.w.org\/{rel}","templated":true}]}}