{"id":114329,"date":"2025-03-15T01:37:47","date_gmt":"2025-03-14T22:37:47","guid":{"rendered":"https:\/\/avicennaint.com\/?page_id=114329"},"modified":"2025-03-15T01:41:39","modified_gmt":"2025-03-14T22:41:39","slug":"stories","status":"publish","type":"page","link":"https:\/\/avicennaint.com\/bg\/stories\/","title":{"rendered":"\u0418\u0441\u0442\u043e\u0440\u0438\u0438 \u0437\u0430 \u0410\u0432\u0438\u0446\u0435\u043d\u0430"},"content":{"rendered":"\t\t<div data-elementor-type=\"wp-page\" data-elementor-id=\"114329\" class=\"elementor elementor-114329\" data-elementor-post-type=\"page\">\n\t\t\t\t\t\t<section class=\"elementor-section elementor-top-section elementor-element elementor-element-74a5ad8 elementor-section-boxed elementor-section-height-default elementor-section-height-default\" data-id=\"74a5ad8\" data-element_type=\"section\" data-e-type=\"section\">\n\t\t\t\t\t\t<div class=\"elementor-container elementor-column-gap-default\">\n\t\t\t\t\t<div class=\"elementor-column elementor-col-100 elementor-top-column elementor-element elementor-element-8045c86\" data-id=\"8045c86\" data-element_type=\"column\" data-e-type=\"column\">\n\t\t\t<div class=\"elementor-widget-wrap elementor-element-populated\">\n\t\t\t\t\t\t<div class=\"elementor-element elementor-element-210c99f elementor-widget elementor-widget-html\" data-id=\"210c99f\" data-element_type=\"widget\" data-e-type=\"widget\" data-widget_type=\"html.default\">\n\t\t\t\t<div class=\"elementor-widget-container\">\n\t\t\t\t\t<div id=\"youtube-shorts-feed\"><\/div>\n\n<script>\n  async function fetchYouTubeShorts() {\n      const API_KEY = \"AIzaSyD5TZyUfoJenYjRHtcdEAjuDmQjHfcQDps\"; \/\/ Buraya kendi API key'inizi ekleyin\n      const CHANNEL_ID = \"UCRxUVQo175JMsSoOQBOuk9Q\"; \/\/ Buraya kanal ID'nizi ekleyin\n      const MAX_RESULTS = 10; \/\/ Ka\u00e7 video g\u00f6stermek istedi\u011finizi belirleyin\n      const SEARCH_TAG = \"#avicenna_bg\"; \/\/ \u00d6zel etiketi buraya yaz\u0131n\n\n      const url = `https:\/\/www.googleapis.com\/youtube\/v3\/search?key=${API_KEY}&channelId=${CHANNEL_ID}&part=snippet,id&maxResults=${MAX_RESULTS}&q=${encodeURIComponent(SEARCH_TAG)}&order=date`;\n\n      try {\n          const response = await fetch(url);\n          const data = await response.json();\n\n          let videosHTML = \"\";\n          data.items.forEach((item) => {\n              if (item.id.videoId) {\n                  videosHTML += `\n                      <div class=\"shorts-video\">\n                          <iframe width=\"200\" height=\"350\" src=\"https:\/\/www.youtube.com\/embed\/${item.id.videoId}\" frameborder=\"0\" allowfullscreen><\/iframe>\n                      <\/div>`;\n              }\n          });\n\n          document.getElementById(\"youtube-shorts-feed\").innerHTML = videosHTML;\n      } catch (error) {\n          console.error(\"YouTube Shorts videolar\u0131 al\u0131namad\u0131:\", error);\n      }\n  }\n\n  fetchYouTubeShorts();\n<\/script>\n\n<style>\n  #youtube-shorts-feed {\n      display: flex;\n      flex-wrap: wrap;\n      gap: 10px;\n      justify-content: center;\n  }\n  .shorts-video {\n      width: 200px;\n  }\n<\/style>\t\t\t\t<\/div>\n\t\t\t\t<\/div>\n\t\t\t\t\t<\/div>\n\t\t<\/div>\n\t\t\t\t\t<\/div>\n\t\t<\/section>\n\t\t\t\t<section class=\"elementor-section elementor-top-section elementor-element elementor-element-7496ce1 elementor-section-boxed elementor-section-height-default elementor-section-height-default\" data-id=\"7496ce1\" data-element_type=\"section\" data-e-type=\"section\">\n\t\t\t\t\t\t<div class=\"elementor-container elementor-column-gap-default\">\n\t\t\t\t\t<div class=\"elementor-column elementor-col-100 elementor-top-column elementor-element elementor-element-7acf3c5\" data-id=\"7acf3c5\" data-element_type=\"column\" data-e-type=\"column\">\n\t\t\t<div class=\"elementor-widget-wrap elementor-element-populated\">\n\t\t\t\t\t\t<div class=\"elementor-element elementor-element-8f21bba elementor-align-justify elementor-widget elementor-widget-button\" data-id=\"8f21bba\" data-element_type=\"widget\" data-e-type=\"widget\" data-widget_type=\"button.default\">\n\t\t\t\t<div class=\"elementor-widget-container\">\n\t\t\t\t\t\t\t\t\t<div class=\"elementor-button-wrapper\">\n\t\t\t\t\t<a class=\"elementor-button elementor-button-link elementor-size-sm\" href=\"https:\/\/www.youtube.com\/hashtag\/avicenna_bg\" target=\"_blank\">\n\t\t\t\t\t\t<span class=\"elementor-button-content-wrapper\">\n\t\t\t\t\t\t<span class=\"elementor-button-icon\">\n\t\t\t\t<i aria-hidden=\"true\" class=\"fab fa-youtube\"><\/i>\t\t\t<\/span>\n\t\t\t\t\t\t\t\t\t<span class=\"elementor-button-text\">\u0412\u0438\u0436 \u043f\u043e\u0432\u0435\u0447\u0435 \u0438\u0441\u0442\u043e\u0440\u0438\u0438<\/span>\n\t\t\t\t\t<\/span>\n\t\t\t\t\t<\/a>\n\t\t\t\t<\/div>\n\t\t\t\t\t\t\t\t<\/div>\n\t\t\t\t<\/div>\n\t\t\t\t\t<\/div>\n\t\t<\/div>\n\t\t\t\t\t<\/div>\n\t\t<\/section>\n\t\t\t\t<\/div>\n\t\t","protected":false},"excerpt":{"rendered":"<p>\u0412\u0438\u0436 \u043f\u043e\u0432\u0435\u0447\u0435 \u0438\u0441\u0442\u043e\u0440\u0438\u0438<\/p>\n","protected":false},"author":2,"featured_media":0,"parent":0,"menu_order":0,"comment_status":"closed","ping_status":"closed","template":"","meta":{"footnotes":""},"class_list":["post-114329","page","type-page","status-publish","hentry"],"yoast_head":"<!-- This site is optimized with the Yoast SEO Premium plugin v27.4 (Yoast SEO v27.4) - https:\/\/yoast.com\/product\/yoast-seo-premium-wordpress\/ -->\n<title>\u0418\u0441\u0442\u043e\u0440\u0438\u0438 \u0437\u0430 \u0410\u0432\u0438\u0446\u0435\u043d\u0430 | \u041c\u0435\u0436\u0434\u0443\u043d\u0430\u0440\u043e\u0434\u043d\u0430 \u0431\u043e\u043b\u043d\u0438\u0446\u0430 \u0410\u0432\u0438\u0446\u0435\u043d\u0430<\/title>\n<meta name=\"robots\" content=\"index, follow, max-snippet:-1, max-image-preview:large, max-video-preview:-1\" \/>\n<link rel=\"canonical\" href=\"https:\/\/avicennaint.com\/bg\/stories\/\" \/>\n<meta property=\"og:locale\" content=\"bg_BG\" \/>\n<meta property=\"og:type\" content=\"article\" \/>\n<meta property=\"og:title\" content=\"\u0418\u0441\u0442\u043e\u0440\u0438\u0438 \u0437\u0430 \u0410\u0432\u0438\u0446\u0435\u043d\u0430\" \/>\n<meta property=\"og:description\" content=\"\u0412\u0438\u0436 \u043f\u043e\u0432\u0435\u0447\u0435 \u0438\u0441\u0442\u043e\u0440\u0438\u0438\" \/>\n<meta property=\"og:url\" content=\"https:\/\/avicennaint.com\/bg\/stories\/\" \/>\n<meta property=\"og:site_name\" content=\"\u041c\u0435\u0436\u0434\u0443\u043d\u0430\u0440\u043e\u0434\u043d\u0430 \u0431\u043e\u043b\u043d\u0438\u0446\u0430 \u0410\u0432\u0438\u0446\u0435\u043d\u0430\" \/>\n<meta property=\"article:publisher\" content=\"https:\/\/www.facebook.com\/avicennaint\" \/>\n<meta property=\"article:modified_time\" content=\"2025-03-14T22:41:39+00:00\" \/>\n<meta name=\"twitter:card\" content=\"summary_large_image\" \/>\n<meta name=\"twitter:site\" content=\"@avicennaintcom\" \/>\n<script type=\"application\/ld+json\" class=\"yoast-schema-graph\">{\"@context\":\"https:\\\/\\\/schema.org\",\"@graph\":[{\"@type\":\"WebPage\",\"@id\":\"https:\\\/\\\/avicennaint.com\\\/bg\\\/stories\\\/\",\"url\":\"https:\\\/\\\/avicennaint.com\\\/bg\\\/stories\\\/\",\"name\":\"\u0418\u0441\u0442\u043e\u0440\u0438\u0438 \u0437\u0430 \u0410\u0432\u0438\u0446\u0435\u043d\u0430 | \u041c\u0435\u0436\u0434\u0443\u043d\u0430\u0440\u043e\u0434\u043d\u0430 \u0431\u043e\u043b\u043d\u0438\u0446\u0430 \u0410\u0432\u0438\u0446\u0435\u043d\u0430\",\"isPartOf\":{\"@id\":\"https:\\\/\\\/avicennaint.com\\\/bg\\\/#website\"},\"datePublished\":\"2025-03-14T22:37:47+00:00\",\"dateModified\":\"2025-03-14T22:41:39+00:00\",\"breadcrumb\":{\"@id\":\"https:\\\/\\\/avicennaint.com\\\/bg\\\/stories\\\/#breadcrumb\"},\"inLanguage\":\"bg-BG\",\"potentialAction\":[{\"@type\":\"ReadAction\",\"target\":[\"https:\\\/\\\/avicennaint.com\\\/bg\\\/stories\\\/\"]}]},{\"@type\":\"BreadcrumbList\",\"@id\":\"https:\\\/\\\/avicennaint.com\\\/bg\\\/stories\\\/#breadcrumb\",\"itemListElement\":[{\"@type\":\"ListItem\",\"position\":1,\"name\":\"Home\",\"item\":\"https:\\\/\\\/avicennaint.com\\\/bg\\\/\"},{\"@type\":\"ListItem\",\"position\":2,\"name\":\"\u0418\u0441\u0442\u043e\u0440\u0438\u0438 \u0437\u0430 \u0410\u0432\u0438\u0446\u0435\u043d\u0430\"}]},{\"@type\":\"WebSite\",\"@id\":\"https:\\\/\\\/avicennaint.com\\\/bg\\\/#website\",\"url\":\"https:\\\/\\\/avicennaint.com\\\/bg\\\/\",\"name\":\"Avicenna Hastanesi\",\"description\":\"Avicenna Atasehir International Hospital\",\"publisher\":{\"@id\":\"https:\\\/\\\/avicennaint.com\\\/bg\\\/#organization\"},\"alternateName\":\"Avicenna\",\"potentialAction\":[{\"@type\":\"SearchAction\",\"target\":{\"@type\":\"EntryPoint\",\"urlTemplate\":\"https:\\\/\\\/avicennaint.com\\\/bg\\\/?s={search_term_string}\"},\"query-input\":{\"@type\":\"PropertyValueSpecification\",\"valueRequired\":true,\"valueName\":\"search_term_string\"}}],\"inLanguage\":\"bg-BG\"},{\"@type\":\"Organization\",\"@id\":\"https:\\\/\\\/avicennaint.com\\\/bg\\\/#organization\",\"name\":\"Avicenna Hastanesi\",\"alternateName\":\"Avicenna Hospital\",\"url\":\"https:\\\/\\\/avicennaint.com\\\/bg\\\/\",\"logo\":{\"@type\":\"ImageObject\",\"inLanguage\":\"bg-BG\",\"@id\":\"https:\\\/\\\/avicennaint.com\\\/bg\\\/#\\\/schema\\\/logo\\\/image\\\/\",\"url\":\"https:\\\/\\\/avicennaint.com\\\/wp-content\\\/uploads\\\/2021\\\/04\\\/avicenna-logo-kare-blog.jpg\",\"contentUrl\":\"https:\\\/\\\/avicennaint.com\\\/wp-content\\\/uploads\\\/2021\\\/04\\\/avicenna-logo-kare-blog.jpg\",\"width\":800,\"height\":450,\"caption\":\"Avicenna Hastanesi\"},\"image\":{\"@id\":\"https:\\\/\\\/avicennaint.com\\\/bg\\\/#\\\/schema\\\/logo\\\/image\\\/\"},\"sameAs\":[\"https:\\\/\\\/www.facebook.com\\\/avicennaint\",\"https:\\\/\\\/x.com\\\/avicennaintcom\",\"https:\\\/\\\/mastodon.social\\\/@avicenna\",\"https:\\\/\\\/www.instagram.com\\\/avicennahastanesi\\\/\",\"https:\\\/\\\/www.linkedin.com\\\/company\\\/avicennahastanesi\\\/\",\"https:\\\/\\\/www.youtube.com\\\/@avicennaint\\\/\",\"https:\\\/\\\/www.instagram.com\\\/avicennaint\\\/\"]}]}<\/script>\n<!-- \/ Yoast SEO Premium plugin. -->","yoast_head_json":{"title":"\u0418\u0441\u0442\u043e\u0440\u0438\u0438 \u0437\u0430 \u0410\u0432\u0438\u0446\u0435\u043d\u0430 | \u041c\u0435\u0436\u0434\u0443\u043d\u0430\u0440\u043e\u0434\u043d\u0430 \u0431\u043e\u043b\u043d\u0438\u0446\u0430 \u0410\u0432\u0438\u0446\u0435\u043d\u0430","robots":{"index":"index","follow":"follow","max-snippet":"max-snippet:-1","max-image-preview":"max-image-preview:large","max-video-preview":"max-video-preview:-1"},"canonical":"https:\/\/avicennaint.com\/bg\/stories\/","og_locale":"bg_BG","og_type":"article","og_title":"\u0418\u0441\u0442\u043e\u0440\u0438\u0438 \u0437\u0430 \u0410\u0432\u0438\u0446\u0435\u043d\u0430","og_description":"\u0412\u0438\u0436 \u043f\u043e\u0432\u0435\u0447\u0435 \u0438\u0441\u0442\u043e\u0440\u0438\u0438","og_url":"https:\/\/avicennaint.com\/bg\/stories\/","og_site_name":"\u041c\u0435\u0436\u0434\u0443\u043d\u0430\u0440\u043e\u0434\u043d\u0430 \u0431\u043e\u043b\u043d\u0438\u0446\u0430 \u0410\u0432\u0438\u0446\u0435\u043d\u0430","article_publisher":"https:\/\/www.facebook.com\/avicennaint","article_modified_time":"2025-03-14T22:41:39+00:00","twitter_card":"summary_large_image","twitter_site":"@avicennaintcom","schema":{"@context":"https:\/\/schema.org","@graph":[{"@type":"WebPage","@id":"https:\/\/avicennaint.com\/bg\/stories\/","url":"https:\/\/avicennaint.com\/bg\/stories\/","name":"\u0418\u0441\u0442\u043e\u0440\u0438\u0438 \u0437\u0430 \u0410\u0432\u0438\u0446\u0435\u043d\u0430 | \u041c\u0435\u0436\u0434\u0443\u043d\u0430\u0440\u043e\u0434\u043d\u0430 \u0431\u043e\u043b\u043d\u0438\u0446\u0430 \u0410\u0432\u0438\u0446\u0435\u043d\u0430","isPartOf":{"@id":"https:\/\/avicennaint.com\/bg\/#website"},"datePublished":"2025-03-14T22:37:47+00:00","dateModified":"2025-03-14T22:41:39+00:00","breadcrumb":{"@id":"https:\/\/avicennaint.com\/bg\/stories\/#breadcrumb"},"inLanguage":"bg-BG","potentialAction":[{"@type":"ReadAction","target":["https:\/\/avicennaint.com\/bg\/stories\/"]}]},{"@type":"BreadcrumbList","@id":"https:\/\/avicennaint.com\/bg\/stories\/#breadcrumb","itemListElement":[{"@type":"ListItem","position":1,"name":"Home","item":"https:\/\/avicennaint.com\/bg\/"},{"@type":"ListItem","position":2,"name":"\u0418\u0441\u0442\u043e\u0440\u0438\u0438 \u0437\u0430 \u0410\u0432\u0438\u0446\u0435\u043d\u0430"}]},{"@type":"WebSite","@id":"https:\/\/avicennaint.com\/bg\/#website","url":"https:\/\/avicennaint.com\/bg\/","name":"Avicenna Hastanesi","description":"Avicenna Atasehir International Hospital","publisher":{"@id":"https:\/\/avicennaint.com\/bg\/#organization"},"alternateName":"Avicenna","potentialAction":[{"@type":"SearchAction","target":{"@type":"EntryPoint","urlTemplate":"https:\/\/avicennaint.com\/bg\/?s={search_term_string}"},"query-input":{"@type":"PropertyValueSpecification","valueRequired":true,"valueName":"search_term_string"}}],"inLanguage":"bg-BG"},{"@type":"Organization","@id":"https:\/\/avicennaint.com\/bg\/#organization","name":"Avicenna Hastanesi","alternateName":"Avicenna Hospital","url":"https:\/\/avicennaint.com\/bg\/","logo":{"@type":"ImageObject","inLanguage":"bg-BG","@id":"https:\/\/avicennaint.com\/bg\/#\/schema\/logo\/image\/","url":"https:\/\/avicennaint.com\/wp-content\/uploads\/2021\/04\/avicenna-logo-kare-blog.jpg","contentUrl":"https:\/\/avicennaint.com\/wp-content\/uploads\/2021\/04\/avicenna-logo-kare-blog.jpg","width":800,"height":450,"caption":"Avicenna Hastanesi"},"image":{"@id":"https:\/\/avicennaint.com\/bg\/#\/schema\/logo\/image\/"},"sameAs":["https:\/\/www.facebook.com\/avicennaint","https:\/\/x.com\/avicennaintcom","https:\/\/mastodon.social\/@avicenna","https:\/\/www.instagram.com\/avicennahastanesi\/","https:\/\/www.linkedin.com\/company\/avicennahastanesi\/","https:\/\/www.youtube.com\/@avicennaint\/","https:\/\/www.instagram.com\/avicennaint\/"]}]}},"_links":{"self":[{"href":"https:\/\/avicennaint.com\/bg\/wp-json\/wp\/v2\/pages\/114329","targetHints":{"allow":["GET"]}}],"collection":[{"href":"https:\/\/avicennaint.com\/bg\/wp-json\/wp\/v2\/pages"}],"about":[{"href":"https:\/\/avicennaint.com\/bg\/wp-json\/wp\/v2\/types\/page"}],"author":[{"embeddable":true,"href":"https:\/\/avicennaint.com\/bg\/wp-json\/wp\/v2\/users\/2"}],"replies":[{"embeddable":true,"href":"https:\/\/avicennaint.com\/bg\/wp-json\/wp\/v2\/comments?post=114329"}],"version-history":[{"count":0,"href":"https:\/\/avicennaint.com\/bg\/wp-json\/wp\/v2\/pages\/114329\/revisions"}],"wp:attachment":[{"href":"https:\/\/avicennaint.com\/bg\/wp-json\/wp\/v2\/media?parent=114329"}],"curies":[{"name":"wp","href":"https:\/\/api.w.org\/{rel}","templated":true}]}}