{"id":67646,"date":"2022-03-12T11:36:09","date_gmt":"2022-03-12T08:36:09","guid":{"rendered":"https:\/\/avicennaint.com\/unsere-medizinische-abteilungen\/"},"modified":"2025-05-15T08:38:26","modified_gmt":"2025-05-15T05:38:26","slug":"unsere-medizinische-abteilungen","status":"publish","type":"page","link":"https:\/\/avicennaint.com\/de\/unsere-medizinische-abteilungen\/","title":{"rendered":"Unsere Medizinische Abteilungen"},"content":{"rendered":"\t\t<div data-elementor-type=\"wp-page\" data-elementor-id=\"67646\" class=\"elementor elementor-67646 elementor-12208\" data-elementor-post-type=\"page\">\n\t\t\t\t<div class=\"elementor-element elementor-element-b5b6843 e-flex e-con-boxed e-con e-parent\" data-id=\"b5b6843\" data-element_type=\"container\" data-e-type=\"container\">\n\t\t\t\t\t<div class=\"e-con-inner\">\n\t\t\t\t<div class=\"elementor-element elementor-element-2208526 elementor-grid-4 elementor-grid-tablet-2 elementor-grid-mobile-1 elementor-posts--thumbnail-top elementor-card-shadow-yes elementor-posts__hover-gradient elementor-widget elementor-widget-posts\" data-id=\"2208526\" data-element_type=\"widget\" data-e-type=\"widget\" data-settings=\"{&quot;cards_columns&quot;:&quot;4&quot;,&quot;cards_columns_tablet&quot;:&quot;2&quot;,&quot;cards_columns_mobile&quot;:&quot;1&quot;,&quot;cards_row_gap&quot;:{&quot;unit&quot;:&quot;px&quot;,&quot;size&quot;:35,&quot;sizes&quot;:[]},&quot;cards_row_gap_tablet&quot;:{&quot;unit&quot;:&quot;px&quot;,&quot;size&quot;:&quot;&quot;,&quot;sizes&quot;:[]},&quot;cards_row_gap_mobile&quot;:{&quot;unit&quot;:&quot;px&quot;,&quot;size&quot;:&quot;&quot;,&quot;sizes&quot;:[]}}\" data-widget_type=\"posts.cards\">\n\t\t\t\t<div class=\"elementor-widget-container\">\n\t\t\t\t\t\t\t<div class=\"elementor-posts-container elementor-posts elementor-posts--skin-cards elementor-grid\" role=\"list\">\n\t\t\t\t<article class=\"elementor-post elementor-grid-item post-67579 project type-project status-publish format-standard has-post-thumbnail hentry pj-categs-departments-de\" role=\"listitem\">\n\t\t\t<div class=\"elementor-post__card\">\n\t\t\t\t<a class=\"elementor-post__thumbnail__link\" href=\"https:\/\/avicennaint.com\/de\/department\/allgemeine-chirurgie\/\" tabindex=\"-1\" ><div class=\"elementor-post__thumbnail\"><img fetchpriority=\"high\" decoding=\"async\" width=\"300\" height=\"169\" src=\"https:\/\/avicennaint.com\/wp-content\/uploads\/2020\/07\/cerrahi-bolumler-300x169.webp\" class=\"attachment-medium size-medium wp-image-59525\" alt=\"cerrahi b\u00f6l\u00fcmler\" srcset=\"https:\/\/avicennaint.com\/wp-content\/uploads\/2020\/07\/cerrahi-bolumler-300x169.webp 300w, https:\/\/avicennaint.com\/wp-content\/uploads\/2020\/07\/cerrahi-bolumler-768x432.webp 768w, https:\/\/avicennaint.com\/wp-content\/uploads\/2020\/07\/cerrahi-bolumler-580x326.webp 580w, https:\/\/avicennaint.com\/wp-content\/uploads\/2020\/07\/cerrahi-bolumler.webp 800w\" sizes=\"(max-width: 300px) 100vw, 300px\" \/><\/div><\/a>\n\t\t\t\t<div class=\"elementor-post__text\">\n\t\t\t\t<h2 class=\"elementor-post__title\">\n\t\t\t<a href=\"https:\/\/avicennaint.com\/de\/department\/allgemeine-chirurgie\/\" >\n\t\t\t\tAllgemeine Chirurgie\t\t\t<\/a>\n\t\t<\/h2>\n\t\t\t\t<\/div>\n\t\t\t\t\t<\/div>\n\t\t<\/article>\n\t\t\t\t<article class=\"elementor-post elementor-grid-item post-67586 project type-project status-publish format-standard has-post-thumbnail hentry pj-categs-departments-de\" role=\"listitem\">\n\t\t\t<div class=\"elementor-post__card\">\n\t\t\t\t<a class=\"elementor-post__thumbnail__link\" href=\"https:\/\/avicennaint.com\/de\/department\/augengesundheit-und-krankheiten\/\" tabindex=\"-1\" ><div class=\"elementor-post__thumbnail\"><img decoding=\"async\" width=\"300\" height=\"169\" src=\"https:\/\/avicennaint.com\/wp-content\/uploads\/2020\/01\/goz-hastaliklari-e-300x169.webp\" class=\"attachment-medium size-medium wp-image-59583\" alt=\"G\u00f6z Hastal\u0131klar\u0131\" srcset=\"https:\/\/avicennaint.com\/wp-content\/uploads\/2020\/01\/goz-hastaliklari-e-300x169.webp 300w, https:\/\/avicennaint.com\/wp-content\/uploads\/2020\/01\/goz-hastaliklari-e-768x432.webp 768w, https:\/\/avicennaint.com\/wp-content\/uploads\/2020\/01\/goz-hastaliklari-e-580x326.webp 580w, https:\/\/avicennaint.com\/wp-content\/uploads\/2020\/01\/goz-hastaliklari-e.webp 800w\" sizes=\"(max-width: 300px) 100vw, 300px\" \/><\/div><\/a>\n\t\t\t\t<div class=\"elementor-post__text\">\n\t\t\t\t<h2 class=\"elementor-post__title\">\n\t\t\t<a href=\"https:\/\/avicennaint.com\/de\/department\/augengesundheit-und-krankheiten\/\" >\n\t\t\t\tAugengesundheit und -krankheiten\t\t\t<\/a>\n\t\t<\/h2>\n\t\t\t\t<\/div>\n\t\t\t\t\t<\/div>\n\t\t<\/article>\n\t\t\t\t<article class=\"elementor-post elementor-grid-item post-67627 project type-project status-publish format-standard has-post-thumbnail hentry pj-categs-departments-de\" role=\"listitem\">\n\t\t\t<div class=\"elementor-post__card\">\n\t\t\t\t<a class=\"elementor-post__thumbnail__link\" href=\"https:\/\/avicennaint.com\/de\/department\/dermatologie-haut-und-geschlechtskrankheiten\/\" tabindex=\"-1\" ><div class=\"elementor-post__thumbnail\"><img decoding=\"async\" width=\"300\" height=\"169\" src=\"https:\/\/avicennaint.com\/wp-content\/uploads\/2020\/01\/dermatoloji-e-300x169.webp\" class=\"attachment-medium size-medium wp-image-59535\" alt=\"Dermatoloji | Cildiye (Deri Hastal\u0131klar\u0131)\" srcset=\"https:\/\/avicennaint.com\/wp-content\/uploads\/2020\/01\/dermatoloji-e-300x169.webp 300w, https:\/\/avicennaint.com\/wp-content\/uploads\/2020\/01\/dermatoloji-e-768x432.webp 768w, https:\/\/avicennaint.com\/wp-content\/uploads\/2020\/01\/dermatoloji-e-580x326.webp 580w, https:\/\/avicennaint.com\/wp-content\/uploads\/2020\/01\/dermatoloji-e.webp 800w\" sizes=\"(max-width: 300px) 100vw, 300px\" \/><\/div><\/a>\n\t\t\t\t<div class=\"elementor-post__text\">\n\t\t\t\t<h2 class=\"elementor-post__title\">\n\t\t\t<a href=\"https:\/\/avicennaint.com\/de\/department\/dermatologie-haut-und-geschlechtskrankheiten\/\" >\n\t\t\t\tDermatologie | Haut- und Geschlechtskrankheiten\t\t\t<\/a>\n\t\t<\/h2>\n\t\t\t\t<\/div>\n\t\t\t\t\t<\/div>\n\t\t<\/article>\n\t\t\t\t<article class=\"elementor-post elementor-grid-item post-68476 project type-project status-publish format-standard has-post-thumbnail hentry pj-categs-departments-de\" role=\"listitem\">\n\t\t\t<div class=\"elementor-post__card\">\n\t\t\t\t<a class=\"elementor-post__thumbnail__link\" href=\"https:\/\/avicennaint.com\/de\/department\/gehirn-und-nervenchirurgie-neurochirurgie\/\" tabindex=\"-1\" ><div class=\"elementor-post__thumbnail\"><img loading=\"lazy\" decoding=\"async\" width=\"300\" height=\"169\" src=\"https:\/\/avicennaint.com\/wp-content\/uploads\/2020\/01\/beyin-ve-sinir-cerrahisi-e-300x169.webp\" class=\"attachment-medium size-medium wp-image-59514\" alt=\"Beyin ve Sinir Cerrahisi (N\u00f6ro\u015fir\u00fcrji)\" srcset=\"https:\/\/avicennaint.com\/wp-content\/uploads\/2020\/01\/beyin-ve-sinir-cerrahisi-e-300x169.webp 300w, https:\/\/avicennaint.com\/wp-content\/uploads\/2020\/01\/beyin-ve-sinir-cerrahisi-e-768x432.webp 768w, https:\/\/avicennaint.com\/wp-content\/uploads\/2020\/01\/beyin-ve-sinir-cerrahisi-e-580x326.webp 580w, https:\/\/avicennaint.com\/wp-content\/uploads\/2020\/01\/beyin-ve-sinir-cerrahisi-e.webp 800w\" sizes=\"(max-width: 300px) 100vw, 300px\" \/><\/div><\/a>\n\t\t\t\t<div class=\"elementor-post__text\">\n\t\t\t\t<h2 class=\"elementor-post__title\">\n\t\t\t<a href=\"https:\/\/avicennaint.com\/de\/department\/gehirn-und-nervenchirurgie-neurochirurgie\/\" >\n\t\t\t\tGehirn und Nervenchirurgie (Neurochirurgie)\t\t\t<\/a>\n\t\t<\/h2>\n\t\t\t\t<\/div>\n\t\t\t\t\t<\/div>\n\t\t<\/article>\n\t\t\t\t<article class=\"elementor-post elementor-grid-item post-67590 project type-project status-publish format-standard has-post-thumbnail hentry pj-categs-departments-de\" role=\"listitem\">\n\t\t\t<div class=\"elementor-post__card\">\n\t\t\t\t<a class=\"elementor-post__thumbnail__link\" href=\"https:\/\/avicennaint.com\/de\/department\/gynaekologie-und-geburtshilfe\/\" tabindex=\"-1\" ><div class=\"elementor-post__thumbnail\"><img loading=\"lazy\" decoding=\"async\" width=\"300\" height=\"169\" src=\"https:\/\/avicennaint.com\/wp-content\/uploads\/2020\/02\/kadin-hastaliklari-dogum-300x169.webp\" class=\"attachment-medium size-medium wp-image-59620\" alt=\"kad\u0131n hastal\u0131klar\u0131 ve do\u011fum\" srcset=\"https:\/\/avicennaint.com\/wp-content\/uploads\/2020\/02\/kadin-hastaliklari-dogum-300x169.webp 300w, https:\/\/avicennaint.com\/wp-content\/uploads\/2020\/02\/kadin-hastaliklari-dogum-768x432.webp 768w, https:\/\/avicennaint.com\/wp-content\/uploads\/2020\/02\/kadin-hastaliklari-dogum-580x326.webp 580w, https:\/\/avicennaint.com\/wp-content\/uploads\/2020\/02\/kadin-hastaliklari-dogum.webp 800w\" sizes=\"(max-width: 300px) 100vw, 300px\" \/><\/div><\/a>\n\t\t\t\t<div class=\"elementor-post__text\">\n\t\t\t\t<h2 class=\"elementor-post__title\">\n\t\t\t<a href=\"https:\/\/avicennaint.com\/de\/department\/gynaekologie-und-geburtshilfe\/\" >\n\t\t\t\tGyn\u00e4kologie und Geburtshilfe\t\t\t<\/a>\n\t\t<\/h2>\n\t\t\t\t<\/div>\n\t\t\t\t\t<\/div>\n\t\t<\/article>\n\t\t\t\t<article class=\"elementor-post elementor-grid-item post-68472 project type-project status-publish format-standard has-post-thumbnail hentry pj-categs-departments-de\" role=\"listitem\">\n\t\t\t<div class=\"elementor-post__card\">\n\t\t\t\t<a class=\"elementor-post__thumbnail__link\" href=\"https:\/\/avicennaint.com\/de\/department\/hals-nasen-ohren\/\" tabindex=\"-1\" ><div class=\"elementor-post__thumbnail\"><img loading=\"lazy\" decoding=\"async\" width=\"300\" height=\"169\" src=\"https:\/\/avicennaint.com\/wp-content\/uploads\/2020\/01\/kulak-burun-bogaz-e-300x169.webp\" class=\"attachment-medium size-medium wp-image-59634\" alt=\"Kulak Burun Bo\u011faz | KBB\" srcset=\"https:\/\/avicennaint.com\/wp-content\/uploads\/2020\/01\/kulak-burun-bogaz-e-300x169.webp 300w, https:\/\/avicennaint.com\/wp-content\/uploads\/2020\/01\/kulak-burun-bogaz-e-768x432.webp 768w, https:\/\/avicennaint.com\/wp-content\/uploads\/2020\/01\/kulak-burun-bogaz-e-580x326.webp 580w, https:\/\/avicennaint.com\/wp-content\/uploads\/2020\/01\/kulak-burun-bogaz-e.webp 800w\" sizes=\"(max-width: 300px) 100vw, 300px\" \/><\/div><\/a>\n\t\t\t\t<div class=\"elementor-post__text\">\n\t\t\t\t<h2 class=\"elementor-post__title\">\n\t\t\t<a href=\"https:\/\/avicennaint.com\/de\/department\/hals-nasen-ohren\/\" >\n\t\t\t\tHals Nasen Ohren (HNO)\t\t\t<\/a>\n\t\t<\/h2>\n\t\t\t\t<\/div>\n\t\t\t\t\t<\/div>\n\t\t<\/article>\n\t\t\t\t<article class=\"elementor-post elementor-grid-item post-67615 project type-project status-publish format-standard has-post-thumbnail hentry pj-categs-departments-de\" role=\"listitem\">\n\t\t\t<div class=\"elementor-post__card\">\n\t\t\t\t<a class=\"elementor-post__thumbnail__link\" href=\"https:\/\/avicennaint.com\/de\/department\/innere-medizin\/\" tabindex=\"-1\" ><div class=\"elementor-post__thumbnail\"><img loading=\"lazy\" decoding=\"async\" width=\"300\" height=\"169\" src=\"https:\/\/avicennaint.com\/wp-content\/uploads\/2020\/02\/ic-hastaliklari-e-300x169.webp\" class=\"attachment-medium size-medium wp-image-59621\" alt=\"\u0130\u00e7 Hastal\u0131klar\u0131 | Dahiliye\" srcset=\"https:\/\/avicennaint.com\/wp-content\/uploads\/2020\/02\/ic-hastaliklari-e-300x169.webp 300w, https:\/\/avicennaint.com\/wp-content\/uploads\/2020\/02\/ic-hastaliklari-e-768x432.webp 768w, https:\/\/avicennaint.com\/wp-content\/uploads\/2020\/02\/ic-hastaliklari-e-580x326.webp 580w, https:\/\/avicennaint.com\/wp-content\/uploads\/2020\/02\/ic-hastaliklari-e.webp 800w\" sizes=\"(max-width: 300px) 100vw, 300px\" \/><\/div><\/a>\n\t\t\t\t<div class=\"elementor-post__text\">\n\t\t\t\t<h2 class=\"elementor-post__title\">\n\t\t\t<a href=\"https:\/\/avicennaint.com\/de\/department\/innere-medizin\/\" >\n\t\t\t\tInnere Medizin\t\t\t<\/a>\n\t\t<\/h2>\n\t\t\t\t<\/div>\n\t\t\t\t\t<\/div>\n\t\t<\/article>\n\t\t\t\t<article class=\"elementor-post elementor-grid-item post-68455 project type-project status-publish format-standard has-post-thumbnail hentry pj-categs-departments-de\" role=\"listitem\">\n\t\t\t<div class=\"elementor-post__card\">\n\t\t\t\t<a class=\"elementor-post__thumbnail__link\" href=\"https:\/\/avicennaint.com\/de\/department\/kardiologie\/\" tabindex=\"-1\" ><div class=\"elementor-post__thumbnail\"><img loading=\"lazy\" decoding=\"async\" width=\"300\" height=\"169\" src=\"https:\/\/avicennaint.com\/wp-content\/uploads\/2020\/01\/kardiyoloji-e-300x169.webp\" class=\"attachment-medium size-medium wp-image-59297\" alt=\"\" srcset=\"https:\/\/avicennaint.com\/wp-content\/uploads\/2020\/01\/kardiyoloji-e-300x169.webp 300w, https:\/\/avicennaint.com\/wp-content\/uploads\/2020\/01\/kardiyoloji-e-768x432.webp 768w, https:\/\/avicennaint.com\/wp-content\/uploads\/2020\/01\/kardiyoloji-e-580x326.webp 580w, https:\/\/avicennaint.com\/wp-content\/uploads\/2020\/01\/kardiyoloji-e.webp 800w\" sizes=\"(max-width: 300px) 100vw, 300px\" \/><\/div><\/a>\n\t\t\t\t<div class=\"elementor-post__text\">\n\t\t\t\t<h2 class=\"elementor-post__title\">\n\t\t\t<a href=\"https:\/\/avicennaint.com\/de\/department\/kardiologie\/\" >\n\t\t\t\tKardiologie\t\t\t<\/a>\n\t\t<\/h2>\n\t\t\t\t<\/div>\n\t\t\t\t\t<\/div>\n\t\t<\/article>\n\t\t\t\t<article class=\"elementor-post elementor-grid-item post-67604 project type-project status-publish format-standard has-post-thumbnail hentry pj-categs-departments-de\" role=\"listitem\">\n\t\t\t<div class=\"elementor-post__card\">\n\t\t\t\t<a class=\"elementor-post__thumbnail__link\" href=\"https:\/\/avicennaint.com\/de\/department\/mund-und-zahngesundheit\/\" tabindex=\"-1\" ><div class=\"elementor-post__thumbnail\"><img loading=\"lazy\" decoding=\"async\" width=\"300\" height=\"169\" src=\"https:\/\/avicennaint.com\/wp-content\/uploads\/2020\/01\/agiz-ve-dis-sagligi-300x169.webp\" class=\"attachment-medium size-medium wp-image-59490\" alt=\"a\u011f\u0131z ve di\u015f sa\u011fl\u0131\u011f\u0131\" srcset=\"https:\/\/avicennaint.com\/wp-content\/uploads\/2020\/01\/agiz-ve-dis-sagligi-300x169.webp 300w, https:\/\/avicennaint.com\/wp-content\/uploads\/2020\/01\/agiz-ve-dis-sagligi-768x432.webp 768w, https:\/\/avicennaint.com\/wp-content\/uploads\/2020\/01\/agiz-ve-dis-sagligi-580x326.webp 580w, https:\/\/avicennaint.com\/wp-content\/uploads\/2020\/01\/agiz-ve-dis-sagligi.webp 800w\" sizes=\"(max-width: 300px) 100vw, 300px\" \/><\/div><\/a>\n\t\t\t\t<div class=\"elementor-post__text\">\n\t\t\t\t<h2 class=\"elementor-post__title\">\n\t\t\t<a href=\"https:\/\/avicennaint.com\/de\/department\/mund-und-zahngesundheit\/\" >\n\t\t\t\tMund- und Zahngesundheit\t\t\t<\/a>\n\t\t<\/h2>\n\t\t\t\t<\/div>\n\t\t\t\t\t<\/div>\n\t\t<\/article>\n\t\t\t\t<article class=\"elementor-post elementor-grid-item post-67609 project type-project status-publish format-standard has-post-thumbnail hentry pj-categs-departments-de\" role=\"listitem\">\n\t\t\t<div class=\"elementor-post__card\">\n\t\t\t\t<a class=\"elementor-post__thumbnail__link\" href=\"https:\/\/avicennaint.com\/de\/department\/pneumologie\/\" tabindex=\"-1\" ><div class=\"elementor-post__thumbnail\"><img loading=\"lazy\" decoding=\"async\" width=\"300\" height=\"169\" src=\"https:\/\/avicennaint.com\/wp-content\/uploads\/2020\/01\/gogus-hastaliklari-300x169.webp\" class=\"attachment-medium size-medium wp-image-59586\" alt=\"g\u00f6\u011f\u00fcs hastal\u0131klar\u0131\" srcset=\"https:\/\/avicennaint.com\/wp-content\/uploads\/2020\/01\/gogus-hastaliklari-300x169.webp 300w, https:\/\/avicennaint.com\/wp-content\/uploads\/2020\/01\/gogus-hastaliklari-768x432.webp 768w, https:\/\/avicennaint.com\/wp-content\/uploads\/2020\/01\/gogus-hastaliklari-580x326.webp 580w, https:\/\/avicennaint.com\/wp-content\/uploads\/2020\/01\/gogus-hastaliklari.webp 800w\" sizes=\"(max-width: 300px) 100vw, 300px\" \/><\/div><\/a>\n\t\t\t\t<div class=\"elementor-post__text\">\n\t\t\t\t<h2 class=\"elementor-post__title\">\n\t\t\t<a href=\"https:\/\/avicennaint.com\/de\/department\/pneumologie\/\" >\n\t\t\t\tPneumologie\t\t\t<\/a>\n\t\t<\/h2>\n\t\t\t\t<\/div>\n\t\t\t\t\t<\/div>\n\t\t<\/article>\n\t\t\t\t<article class=\"elementor-post elementor-grid-item post-67597 project type-project status-publish format-standard has-post-thumbnail hentry pj-categs-departments-de\" role=\"listitem\">\n\t\t\t<div class=\"elementor-post__card\">\n\t\t\t\t<a class=\"elementor-post__thumbnail__link\" href=\"https:\/\/avicennaint.com\/de\/department\/urologie\/\" tabindex=\"-1\" ><div class=\"elementor-post__thumbnail\"><img loading=\"lazy\" decoding=\"async\" width=\"300\" height=\"169\" src=\"https:\/\/avicennaint.com\/wp-content\/uploads\/2020\/01\/uroloji-e-300x169.webp\" class=\"attachment-medium size-medium wp-image-59721\" alt=\"urology\" srcset=\"https:\/\/avicennaint.com\/wp-content\/uploads\/2020\/01\/uroloji-e-300x169.webp 300w, https:\/\/avicennaint.com\/wp-content\/uploads\/2020\/01\/uroloji-e-768x432.webp 768w, https:\/\/avicennaint.com\/wp-content\/uploads\/2020\/01\/uroloji-e-580x326.webp 580w, https:\/\/avicennaint.com\/wp-content\/uploads\/2020\/01\/uroloji-e.webp 800w\" sizes=\"(max-width: 300px) 100vw, 300px\" \/><\/div><\/a>\n\t\t\t\t<div class=\"elementor-post__text\">\n\t\t\t\t<h2 class=\"elementor-post__title\">\n\t\t\t<a href=\"https:\/\/avicennaint.com\/de\/department\/urologie\/\" >\n\t\t\t\tUrologie\t\t\t<\/a>\n\t\t<\/h2>\n\t\t\t\t<\/div>\n\t\t\t\t\t<\/div>\n\t\t<\/article>\n\t\t\t\t<\/div>\n\t\t\n\t\t\t\t\t\t<\/div>\n\t\t\t\t<\/div>\n\t\t\t\t\t<\/div>\n\t\t\t\t<\/div>\n\t\t\t\t<\/div>\n\t\t","protected":false},"excerpt":{"rendered":"","protected":false},"author":2,"featured_media":0,"parent":0,"menu_order":0,"comment_status":"closed","ping_status":"closed","template":"","meta":{"footnotes":""},"class_list":["post-67646","page","type-page","status-publish","hentry"],"yoast_head":"<!-- This site is optimized with the Yoast SEO Premium plugin v27.4 (Yoast SEO v27.4) - https:\/\/yoast.com\/product\/yoast-seo-premium-wordpress\/ -->\n<title>Unsere Medizinische Abteilungen | Avicenna Hospital<\/title>\n<meta name=\"robots\" content=\"index, follow, max-snippet:-1, max-image-preview:large, max-video-preview:-1\" \/>\n<link rel=\"canonical\" href=\"https:\/\/avicennaint.com\/de\/unsere-medizinische-abteilungen\/\" \/>\n<meta property=\"og:locale\" content=\"de_DE\" \/>\n<meta property=\"og:type\" content=\"article\" \/>\n<meta property=\"og:title\" content=\"Unsere Medizinische Abteilungen\" \/>\n<meta property=\"og:url\" content=\"https:\/\/avicennaint.com\/de\/unsere-medizinische-abteilungen\/\" \/>\n<meta property=\"og:site_name\" content=\"Avicenna Krankenhaus\" \/>\n<meta property=\"article:publisher\" content=\"https:\/\/www.facebook.com\/avicennaint\" \/>\n<meta property=\"article:modified_time\" content=\"2025-05-15T05:38:26+00:00\" \/>\n<meta name=\"twitter:card\" content=\"summary_large_image\" \/>\n<meta name=\"twitter:site\" content=\"@avicennaintcom\" \/>\n<meta name=\"twitter:label1\" content=\"Gesch\u00e4tzte Lesezeit\" \/>\n\t<meta name=\"twitter:data1\" content=\"3\u00a0Minuten\" \/>\n<script type=\"application\/ld+json\" class=\"yoast-schema-graph\">{\"@context\":\"https:\\\/\\\/schema.org\",\"@graph\":[{\"@type\":\"WebPage\",\"@id\":\"https:\\\/\\\/avicennaint.com\\\/de\\\/unsere-medizinische-abteilungen\\\/\",\"url\":\"https:\\\/\\\/avicennaint.com\\\/de\\\/unsere-medizinische-abteilungen\\\/\",\"name\":\"Unsere Medizinische Abteilungen | Avicenna Hospital\",\"isPartOf\":{\"@id\":\"https:\\\/\\\/avicennaint.com\\\/de\\\/#website\"},\"datePublished\":\"2022-03-12T08:36:09+00:00\",\"dateModified\":\"2025-05-15T05:38:26+00:00\",\"breadcrumb\":{\"@id\":\"https:\\\/\\\/avicennaint.com\\\/de\\\/unsere-medizinische-abteilungen\\\/#breadcrumb\"},\"inLanguage\":\"de\",\"potentialAction\":[{\"@type\":\"ReadAction\",\"target\":[\"https:\\\/\\\/avicennaint.com\\\/de\\\/unsere-medizinische-abteilungen\\\/\"]}]},{\"@type\":\"BreadcrumbList\",\"@id\":\"https:\\\/\\\/avicennaint.com\\\/de\\\/unsere-medizinische-abteilungen\\\/#breadcrumb\",\"itemListElement\":[{\"@type\":\"ListItem\",\"position\":1,\"name\":\"Home\",\"item\":\"https:\\\/\\\/avicennaint.com\\\/de\\\/\"},{\"@type\":\"ListItem\",\"position\":2,\"name\":\"Unsere Medizinische Abteilungen\"}]},{\"@type\":\"WebSite\",\"@id\":\"https:\\\/\\\/avicennaint.com\\\/de\\\/#website\",\"url\":\"https:\\\/\\\/avicennaint.com\\\/de\\\/\",\"name\":\"Avicenna Hastanesi\",\"description\":\"Avicenna Atasehir Internationales Krankenhaus\",\"publisher\":{\"@id\":\"https:\\\/\\\/avicennaint.com\\\/de\\\/#organization\"},\"alternateName\":\"Avicenna\",\"potentialAction\":[{\"@type\":\"SearchAction\",\"target\":{\"@type\":\"EntryPoint\",\"urlTemplate\":\"https:\\\/\\\/avicennaint.com\\\/de\\\/?s={search_term_string}\"},\"query-input\":{\"@type\":\"PropertyValueSpecification\",\"valueRequired\":true,\"valueName\":\"search_term_string\"}}],\"inLanguage\":\"de\"},{\"@type\":\"Organization\",\"@id\":\"https:\\\/\\\/avicennaint.com\\\/de\\\/#organization\",\"name\":\"Avicenna Hastanesi\",\"alternateName\":\"Avicenna Hospital\",\"url\":\"https:\\\/\\\/avicennaint.com\\\/de\\\/\",\"logo\":{\"@type\":\"ImageObject\",\"inLanguage\":\"de\",\"@id\":\"https:\\\/\\\/avicennaint.com\\\/de\\\/#\\\/schema\\\/logo\\\/image\\\/\",\"url\":\"https:\\\/\\\/avicennaint.com\\\/wp-content\\\/uploads\\\/2021\\\/04\\\/avicenna-logo-kare-blog.jpg\",\"contentUrl\":\"https:\\\/\\\/avicennaint.com\\\/wp-content\\\/uploads\\\/2021\\\/04\\\/avicenna-logo-kare-blog.jpg\",\"width\":800,\"height\":450,\"caption\":\"Avicenna Hastanesi\"},\"image\":{\"@id\":\"https:\\\/\\\/avicennaint.com\\\/de\\\/#\\\/schema\\\/logo\\\/image\\\/\"},\"sameAs\":[\"https:\\\/\\\/www.facebook.com\\\/avicennaint\",\"https:\\\/\\\/x.com\\\/avicennaintcom\",\"https:\\\/\\\/mastodon.social\\\/@avicenna\",\"https:\\\/\\\/www.instagram.com\\\/avicennahastanesi\\\/\",\"https:\\\/\\\/www.linkedin.com\\\/company\\\/avicennahastanesi\\\/\",\"https:\\\/\\\/www.youtube.com\\\/@avicennaint\\\/\",\"https:\\\/\\\/www.instagram.com\\\/avicennaint\\\/\"]}]}<\/script>\n<!-- \/ Yoast SEO Premium plugin. -->","yoast_head_json":{"title":"Unsere Medizinische Abteilungen | Avicenna Hospital","robots":{"index":"index","follow":"follow","max-snippet":"max-snippet:-1","max-image-preview":"max-image-preview:large","max-video-preview":"max-video-preview:-1"},"canonical":"https:\/\/avicennaint.com\/de\/unsere-medizinische-abteilungen\/","og_locale":"de_DE","og_type":"article","og_title":"Unsere Medizinische Abteilungen","og_url":"https:\/\/avicennaint.com\/de\/unsere-medizinische-abteilungen\/","og_site_name":"Avicenna Krankenhaus","article_publisher":"https:\/\/www.facebook.com\/avicennaint","article_modified_time":"2025-05-15T05:38:26+00:00","twitter_card":"summary_large_image","twitter_site":"@avicennaintcom","twitter_misc":{"Gesch\u00e4tzte Lesezeit":"3\u00a0Minuten"},"schema":{"@context":"https:\/\/schema.org","@graph":[{"@type":"WebPage","@id":"https:\/\/avicennaint.com\/de\/unsere-medizinische-abteilungen\/","url":"https:\/\/avicennaint.com\/de\/unsere-medizinische-abteilungen\/","name":"Unsere Medizinische Abteilungen | Avicenna Hospital","isPartOf":{"@id":"https:\/\/avicennaint.com\/de\/#website"},"datePublished":"2022-03-12T08:36:09+00:00","dateModified":"2025-05-15T05:38:26+00:00","breadcrumb":{"@id":"https:\/\/avicennaint.com\/de\/unsere-medizinische-abteilungen\/#breadcrumb"},"inLanguage":"de","potentialAction":[{"@type":"ReadAction","target":["https:\/\/avicennaint.com\/de\/unsere-medizinische-abteilungen\/"]}]},{"@type":"BreadcrumbList","@id":"https:\/\/avicennaint.com\/de\/unsere-medizinische-abteilungen\/#breadcrumb","itemListElement":[{"@type":"ListItem","position":1,"name":"Home","item":"https:\/\/avicennaint.com\/de\/"},{"@type":"ListItem","position":2,"name":"Unsere Medizinische Abteilungen"}]},{"@type":"WebSite","@id":"https:\/\/avicennaint.com\/de\/#website","url":"https:\/\/avicennaint.com\/de\/","name":"Avicenna Hastanesi","description":"Avicenna Atasehir Internationales Krankenhaus","publisher":{"@id":"https:\/\/avicennaint.com\/de\/#organization"},"alternateName":"Avicenna","potentialAction":[{"@type":"SearchAction","target":{"@type":"EntryPoint","urlTemplate":"https:\/\/avicennaint.com\/de\/?s={search_term_string}"},"query-input":{"@type":"PropertyValueSpecification","valueRequired":true,"valueName":"search_term_string"}}],"inLanguage":"de"},{"@type":"Organization","@id":"https:\/\/avicennaint.com\/de\/#organization","name":"Avicenna Hastanesi","alternateName":"Avicenna Hospital","url":"https:\/\/avicennaint.com\/de\/","logo":{"@type":"ImageObject","inLanguage":"de","@id":"https:\/\/avicennaint.com\/de\/#\/schema\/logo\/image\/","url":"https:\/\/avicennaint.com\/wp-content\/uploads\/2021\/04\/avicenna-logo-kare-blog.jpg","contentUrl":"https:\/\/avicennaint.com\/wp-content\/uploads\/2021\/04\/avicenna-logo-kare-blog.jpg","width":800,"height":450,"caption":"Avicenna Hastanesi"},"image":{"@id":"https:\/\/avicennaint.com\/de\/#\/schema\/logo\/image\/"},"sameAs":["https:\/\/www.facebook.com\/avicennaint","https:\/\/x.com\/avicennaintcom","https:\/\/mastodon.social\/@avicenna","https:\/\/www.instagram.com\/avicennahastanesi\/","https:\/\/www.linkedin.com\/company\/avicennahastanesi\/","https:\/\/www.youtube.com\/@avicennaint\/","https:\/\/www.instagram.com\/avicennaint\/"]}]}},"_links":{"self":[{"href":"https:\/\/avicennaint.com\/de\/wp-json\/wp\/v2\/pages\/67646","targetHints":{"allow":["GET"]}}],"collection":[{"href":"https:\/\/avicennaint.com\/de\/wp-json\/wp\/v2\/pages"}],"about":[{"href":"https:\/\/avicennaint.com\/de\/wp-json\/wp\/v2\/types\/page"}],"author":[{"embeddable":true,"href":"https:\/\/avicennaint.com\/de\/wp-json\/wp\/v2\/users\/2"}],"replies":[{"embeddable":true,"href":"https:\/\/avicennaint.com\/de\/wp-json\/wp\/v2\/comments?post=67646"}],"version-history":[{"count":0,"href":"https:\/\/avicennaint.com\/de\/wp-json\/wp\/v2\/pages\/67646\/revisions"}],"wp:attachment":[{"href":"https:\/\/avicennaint.com\/de\/wp-json\/wp\/v2\/media?parent=67646"}],"curies":[{"name":"wp","href":"https:\/\/api.w.org\/{rel}","templated":true}]}}