{"id":97191,"date":"2023-12-03T09:40:31","date_gmt":"2023-12-03T06:40:31","guid":{"rendered":"https:\/\/avicennaint.com\/unsere-aerzte\/"},"modified":"2025-10-13T10:50:10","modified_gmt":"2025-10-13T07:50:10","slug":"unsere-aerzte","status":"publish","type":"page","link":"https:\/\/avicennaint.com\/de\/unsere-aerzte\/","title":{"rendered":"Unsere \u00c4rzte"},"content":{"rendered":"<div id=\"cmsmasters_row_793o3gyswh\" class=\"cmsmasters_row cmsmasters_color_scheme_default cmsmasters_row_top_default cmsmasters_row_bot_default cmsmasters_row_boxed\">\n<div class=\"cmsmasters_row_outer_parent\">\n<div class=\"cmsmasters_row_outer\">\n<div class=\"cmsmasters_row_inner\">\n<div class=\"cmsmasters_row_margin\">\n<div id=\"cmsmasters_column_wtjspv62o\" class=\"cmsmasters_column one_first\">\n<div class=\"cmsmasters_column_inner\"><div id=\"cmsmasters_profile_69e60b0eb775c\" class=\"cmsmasters_profile horizontal title3-subtitle3\">\n<!-- Start Profile Horizontal Article -->\r\n<article id=\"post-123785\" class=\"cmsmasters_profile_horizontal one_fourth post-123785 profile type-profile status-publish has-post-thumbnail hentry pl-categs-atasehir-hastanesi pl-categs-atasehir-hastanesi-kardiyoloji pl-categs-kardiyoloji\">\r\n\t<div class=\"profile_outer\">\r\n\t<figure class=\"cmsmasters_img_wrap\"><a href=\"https:\/\/avicennaint.com\/de\/doctor\/abduelhalim-soezcueer\/\" title=\"Facharzt Dr. Abd\u00fclhalim S\u00f6zc\u00fcer\" class=\"cmsmasters_img_link\"><img fetchpriority=\"high\" decoding=\"async\" width=\"500\" height=\"450\" src=\"https:\/\/avicennaint.com\/wp-content\/uploads\/2025\/09\/doktor-web-gorsel-1-500x450.webp\" class=\" wp-post-image\" alt=\"Abd\u00fclhalim S\u00f6zc\u00fcer\" title=\"doktor-web-gorsel-1\" \/><\/a><\/figure><div class=\"profile_inner\"><header class=\"cmsmasters_profile_header entry-header\"><h3 class=\"cmsmasters_profile_title entry-title\"><a href=\"https:\/\/avicennaint.com\/de\/doctor\/abduelhalim-soezcueer\/\">Facharzt Dr. Abd\u00fclhalim S\u00f6zc\u00fcer<\/a><\/h3><h6 class=\"cmsmasters_profile_subtitle\">Kardiologie<\/h6><\/header><\/div>\t<\/div>\r\n<\/article>\r\n<!-- Finish Profile Horizontal Article -->\r\n\r\n<!-- Start Profile Horizontal Article -->\r\n<article id=\"post-114704\" class=\"cmsmasters_profile_horizontal one_fourth post-114704 profile type-profile status-publish has-post-thumbnail hentry pl-categs-atasehir-hastanesi pl-categs-atasehir-hastanesi-kadin-hastaliklari-ve-dogum pl-categs-kadin-hastaliklari-ve-dogum\">\r\n\t<div class=\"profile_outer\">\r\n\t<figure class=\"cmsmasters_img_wrap\"><a href=\"https:\/\/avicennaint.com\/de\/doctor\/kadir-guezin\/\" title=\"Prof. Dr. Kadir G\u00fczin\" class=\"cmsmasters_img_link\"><img decoding=\"async\" width=\"500\" height=\"450\" src=\"https:\/\/avicennaint.com\/wp-content\/uploads\/2025\/03\/kadir_hoca-dr-500x450.webp\" class=\" wp-post-image\" alt=\"Kadir G\u00fczin\" title=\"kadir_hoca-dr\" \/><\/a><\/figure><div class=\"profile_inner\"><header class=\"cmsmasters_profile_header entry-header\"><h3 class=\"cmsmasters_profile_title entry-title\"><a href=\"https:\/\/avicennaint.com\/de\/doctor\/kadir-guezin\/\">Prof. Dr. Kadir G\u00fczin<\/a><\/h3><h6 class=\"cmsmasters_profile_subtitle\">Gyn\u00e4kologie und Geburtshilfe<\/h6><\/header><\/div>\t<\/div>\r\n<\/article>\r\n<!-- Finish Profile Horizontal Article -->\r\n\r\n<!-- Start Profile Horizontal Article -->\r\n<article id=\"post-111627\" class=\"cmsmasters_profile_horizontal one_fourth post-111627 profile type-profile status-publish has-post-thumbnail hentry pl-categs-atasehir-hastanesi-kanser pl-categs-atasehir-hastanesi pl-categs-kanser\">\r\n\t<div class=\"profile_outer\">\r\n\t<figure class=\"cmsmasters_img_wrap\"><a href=\"https:\/\/avicennaint.com\/de\/doctor\/dozent-doktor-orhan-sencan\/\" title=\"Priv.-Doz. Dr. Orhan \u015eencan\" class=\"cmsmasters_img_link\"><img decoding=\"async\" width=\"500\" height=\"450\" src=\"https:\/\/avicennaint.com\/wp-content\/uploads\/2024\/12\/orhan-sencan-1024x576-1-500x450.webp\" class=\" wp-post-image\" alt=\"Orhan \u015eencan\" title=\"orhan-sencan-1024x576\" \/><\/a><\/figure><div class=\"profile_inner\"><header class=\"cmsmasters_profile_header entry-header\"><h3 class=\"cmsmasters_profile_title entry-title\"><a href=\"https:\/\/avicennaint.com\/de\/doctor\/dozent-doktor-orhan-sencan\/\">Priv.-Doz. Dr. Orhan \u015eencan<\/a><\/h3><h6 class=\"cmsmasters_profile_subtitle\">Onkologie<\/h6><\/header><\/div>\t<\/div>\r\n<\/article>\r\n<!-- Finish Profile Horizontal Article -->\r\n\r\n<!-- Start Profile Horizontal Article -->\r\n<article id=\"post-110213\" class=\"cmsmasters_profile_horizontal one_fourth post-110213 profile type-profile status-publish has-post-thumbnail hentry pl-categs-agiz-ve-dis-sagligi pl-categs-atasehir-hastanesi pl-categs-atasehir-hastanesi-agiz-ve-dis-sagligi\">\r\n\t<div class=\"profile_outer\">\r\n\t<figure class=\"cmsmasters_img_wrap\"><a href=\"https:\/\/avicennaint.com\/de\/doctor\/beytullah-eroglu\/\" title=\"Zahnarzt Beytullah Ero\u011flu\" class=\"cmsmasters_img_link\"><img loading=\"lazy\" decoding=\"async\" width=\"500\" height=\"450\" src=\"https:\/\/avicennaint.com\/wp-content\/uploads\/2024\/11\/dr-beytullah-eroglu-500x450.webp\" class=\" wp-post-image\" alt=\"Beytullah Ero\u011flu\" title=\"dr-beytullah-eroglu\" \/><\/a><\/figure><div class=\"profile_inner\"><header class=\"cmsmasters_profile_header entry-header\"><h3 class=\"cmsmasters_profile_title entry-title\"><a href=\"https:\/\/avicennaint.com\/de\/doctor\/beytullah-eroglu\/\">Zahnarzt Beytullah Ero\u011flu<\/a><\/h3><h6 class=\"cmsmasters_profile_subtitle\">Mund- und Zahngesundheit<\/h6><\/header><\/div>\t<\/div>\r\n<\/article>\r\n<!-- Finish Profile Horizontal Article -->\r\n\r\n<!-- Start Profile Horizontal Article -->\r\n<article id=\"post-110070\" class=\"cmsmasters_profile_horizontal one_fourth post-110070 profile type-profile status-publish has-post-thumbnail hentry pl-categs-atasehir-hastanesi pl-categs-atasehir-hastanesi-kulak-burun-bogaz-kbb pl-categs-kulak-burun-bogaz-kbb\">\r\n\t<div class=\"profile_outer\">\r\n\t<figure class=\"cmsmasters_img_wrap\"><a href=\"https:\/\/avicennaint.com\/de\/doctor\/mustafa-salih-canpolat\/\" title=\"Opr. Dr. Mustafa Salih Canpolat\" class=\"cmsmasters_img_link\"><img loading=\"lazy\" decoding=\"async\" width=\"500\" height=\"450\" src=\"https:\/\/avicennaint.com\/wp-content\/uploads\/2024\/11\/op-dr-musfata-salih-canpolat-g-3-500x450.webp\" class=\" wp-post-image\" alt=\"Mustafa Salih Canpolat\" title=\"op-dr-musfata-salih-canpolat-g (3)\" \/><\/a><\/figure><div class=\"profile_inner\"><header class=\"cmsmasters_profile_header entry-header\"><h3 class=\"cmsmasters_profile_title entry-title\"><a href=\"https:\/\/avicennaint.com\/de\/doctor\/mustafa-salih-canpolat\/\">Opr. Dr. Mustafa Salih Canpolat<\/a><\/h3><h6 class=\"cmsmasters_profile_subtitle\">ENT<\/h6><\/header><\/div>\t<\/div>\r\n<\/article>\r\n<!-- Finish Profile Horizontal Article -->\r\n\r\n<!-- Start Profile Horizontal Article -->\r\n<article id=\"post-106436\" class=\"cmsmasters_profile_horizontal one_fourth post-106436 profile type-profile status-publish has-post-thumbnail hentry pl-categs-agiz-ve-dis-sagligi pl-categs-atasehir-hastanesi pl-categs-atasehir-hastanesi-agiz-ve-dis-sagligi\">\r\n\t<div class=\"profile_outer\">\r\n\t<figure class=\"cmsmasters_img_wrap\"><a href=\"https:\/\/avicennaint.com\/de\/doctor\/ahmet-ulug\/\" title=\"Zahnarzt Ahmet Ulu\u011f\" class=\"cmsmasters_img_link\"><img loading=\"lazy\" decoding=\"async\" width=\"500\" height=\"450\" src=\"https:\/\/avicennaint.com\/wp-content\/uploads\/2024\/08\/ahmet-ulug-2-1024x576-1-500x450.webp\" class=\" wp-post-image\" alt=\"Ahmet Ulug\" title=\"ahmet-ulug-2-1024x576\" \/><\/a><\/figure><div class=\"profile_inner\"><header class=\"cmsmasters_profile_header entry-header\"><h3 class=\"cmsmasters_profile_title entry-title\"><a href=\"https:\/\/avicennaint.com\/de\/doctor\/ahmet-ulug\/\">Zahnarzt Ahmet Ulu\u011f<\/a><\/h3><h6 class=\"cmsmasters_profile_subtitle\">Mund- und Zahngesundheit<\/h6><\/header><\/div>\t<\/div>\r\n<\/article>\r\n<!-- Finish Profile Horizontal Article -->\r\n\r\n<!-- Start Profile Horizontal Article -->\r\n<article id=\"post-105330\" class=\"cmsmasters_profile_horizontal one_fourth post-105330 profile type-profile status-publish has-post-thumbnail hentry pl-categs-atasehir-hastanesi pl-categs-atasehir-hastanesi-plastik-rekonstruktif-ve-estetik-cerrahi pl-categs-plastik-rekonstruktif-ve-estetik-cerrahi\">\r\n\t<div class=\"profile_outer\">\r\n\t<figure class=\"cmsmasters_img_wrap\"><a href=\"https:\/\/avicennaint.com\/de\/doctor\/caner-kaya\/\" title=\"Opr. Doktor Caner Kaya\" class=\"cmsmasters_img_link\"><img loading=\"lazy\" decoding=\"async\" width=\"500\" height=\"450\" src=\"https:\/\/avicennaint.com\/wp-content\/uploads\/2024\/06\/caner-kaya-i-1-500x450.webp\" class=\" wp-post-image\" alt=\"Caner Kaya\" title=\"caner-kaya-i\" \/><\/a><\/figure><div class=\"profile_inner\"><header class=\"cmsmasters_profile_header entry-header\"><h3 class=\"cmsmasters_profile_title entry-title\"><a href=\"https:\/\/avicennaint.com\/de\/doctor\/caner-kaya\/\">Opr. Doktor Caner Kaya<\/a><\/h3><h6 class=\"cmsmasters_profile_subtitle\">\u00c4sthetische und Plastische Chirurgie<\/h6><\/header><\/div>\t<\/div>\r\n<\/article>\r\n<!-- Finish Profile Horizontal Article -->\r\n\r\n<!-- Start Profile Horizontal Article -->\r\n<article id=\"post-83803\" class=\"cmsmasters_profile_horizontal one_fourth post-83803 profile type-profile status-publish has-post-thumbnail hentry pl-categs-atasehir-hastanesi pl-categs-atasehir-hastanesi-beyin-ve-sinir-cerrahisi-norosirurji pl-categs-beyin-ve-sinir-cerrahisi-norosirurji\">\r\n\t<div class=\"profile_outer\">\r\n\t<figure class=\"cmsmasters_img_wrap\"><a href=\"https:\/\/avicennaint.com\/de\/doctor\/ahmet-ferruh-gezen\/\" title=\"Prof. Dr. Ahmet Ferruh Gezen\" class=\"cmsmasters_img_link\"><img loading=\"lazy\" decoding=\"async\" width=\"500\" height=\"450\" src=\"https:\/\/avicennaint.com\/wp-content\/uploads\/2022\/12\/ahmet-ferruh-gezen-p-500x450.webp\" class=\" wp-post-image\" alt=\"Prof. Dr. Ahmet Ferruh GEZEN\" title=\"ahmet-ferruh-gezen-p\" \/><\/a><\/figure><div class=\"profile_inner\"><header class=\"cmsmasters_profile_header entry-header\"><h3 class=\"cmsmasters_profile_title entry-title\"><a href=\"https:\/\/avicennaint.com\/de\/doctor\/ahmet-ferruh-gezen\/\">Prof. Dr. Ahmet Ferruh Gezen<\/a><\/h3><h6 class=\"cmsmasters_profile_subtitle\">Neurochirurgie<\/h6><\/header><\/div>\t<\/div>\r\n<\/article>\r\n<!-- Finish Profile Horizontal Article -->\r\n\r\n<!-- Start Profile Horizontal Article -->\r\n<article id=\"post-75836\" class=\"cmsmasters_profile_horizontal one_fourth post-75836 profile type-profile status-publish has-post-thumbnail hentry pl-categs-atasehir-hastanesi pl-categs-atasehir-hastanesi-plastik-rekonstruktif-ve-estetik-cerrahi pl-categs-plastik-rekonstruktif-ve-estetik-cerrahi\">\r\n\t<div class=\"profile_outer\">\r\n\t<figure class=\"cmsmasters_img_wrap\"><a href=\"https:\/\/avicennaint.com\/de\/doctor\/asude-koeksal\/\" title=\"Opr. Dr. Asude K\u00f6ksal\" class=\"cmsmasters_img_link\"><img loading=\"lazy\" decoding=\"async\" width=\"500\" height=\"450\" src=\"https:\/\/avicennaint.com\/wp-content\/uploads\/2022\/08\/dr-asude-koksal-p-500x450.webp\" class=\" wp-post-image\" alt=\"Dr. Asude K\u00f6ksal\" title=\"dr-asude-koksal-p\" \/><\/a><\/figure><div class=\"profile_inner\"><header class=\"cmsmasters_profile_header entry-header\"><h3 class=\"cmsmasters_profile_title entry-title\"><a href=\"https:\/\/avicennaint.com\/de\/doctor\/asude-koeksal\/\">Opr. Dr. Asude K\u00f6ksal<\/a><\/h3><h6 class=\"cmsmasters_profile_subtitle\">\u00c4sthetische und Plastische Chirurgie<\/h6><\/header><\/div>\t<\/div>\r\n<\/article>\r\n<!-- Finish Profile Horizontal Article -->\r\n\r\n<!-- Start Profile Horizontal Article -->\r\n<article id=\"post-72357\" class=\"cmsmasters_profile_horizontal one_fourth post-72357 profile type-profile status-publish has-post-thumbnail hentry pl-categs-genel-cerrahi\">\r\n\t<div class=\"profile_outer\">\r\n\t<figure class=\"cmsmasters_img_wrap\"><a href=\"https:\/\/avicennaint.com\/de\/doctor\/mehmet-yildiz\/\" title=\"Prof. Dr. Mehmet Yildiz\" class=\"cmsmasters_img_link\"><img loading=\"lazy\" decoding=\"async\" width=\"500\" height=\"450\" src=\"https:\/\/avicennaint.com\/wp-content\/uploads\/2020\/01\/dr-mehmet-yildiz-500x450.webp\" class=\" wp-post-image\" alt=\"Prof. Mehmet Y\u0131ld\u0131z\" title=\"dr-mehmet-yildiz\" \/><\/a><\/figure><div class=\"profile_inner\"><header class=\"cmsmasters_profile_header entry-header\"><h3 class=\"cmsmasters_profile_title entry-title\"><a href=\"https:\/\/avicennaint.com\/de\/doctor\/mehmet-yildiz\/\">Prof. Dr. Mehmet Yildiz<\/a><\/h3><h6 class=\"cmsmasters_profile_subtitle\">Allgemeine Chirurgie<\/h6><\/header><\/div>\t<\/div>\r\n<\/article>\r\n<!-- Finish Profile Horizontal Article -->\r\n\r\n<!-- Start Profile Horizontal Article -->\r\n<article id=\"post-72354\" class=\"cmsmasters_profile_horizontal one_fourth post-72354 profile type-profile status-publish has-post-thumbnail hentry pl-categs-genel-cerrahi\">\r\n\t<div class=\"profile_outer\">\r\n\t<figure class=\"cmsmasters_img_wrap\"><a href=\"https:\/\/avicennaint.com\/de\/doctor\/osman-aktas\/\" title=\"Dr. Osman Aktas\" class=\"cmsmasters_img_link\"><img loading=\"lazy\" decoding=\"async\" width=\"500\" height=\"450\" src=\"https:\/\/avicennaint.com\/wp-content\/uploads\/2020\/01\/osman-aktas-1024x576-1-500x450.webp\" class=\" wp-post-image\" alt=\"Osman Akta\u015f\" title=\"osman-aktas-1024x576\" \/><\/a><\/figure><div class=\"profile_inner\"><header class=\"cmsmasters_profile_header entry-header\"><h3 class=\"cmsmasters_profile_title entry-title\"><a href=\"https:\/\/avicennaint.com\/de\/doctor\/osman-aktas\/\">Dr. Osman Aktas<\/a><\/h3><h6 class=\"cmsmasters_profile_subtitle\">Allgemeine Chirurgie<\/h6><\/header><\/div>\t<\/div>\r\n<\/article>\r\n<!-- Finish Profile Horizontal Article -->\r\n\r\n<!-- Start Profile Horizontal Article -->\r\n<article id=\"post-72325\" class=\"cmsmasters_profile_horizontal one_fourth post-72325 profile type-profile status-publish has-post-thumbnail hentry pl-categs-ortopedi-ve-travmatoloji\">\r\n\t<div class=\"profile_outer\">\r\n\t<figure class=\"cmsmasters_img_wrap\"><a href=\"https:\/\/avicennaint.com\/de\/doctor\/halil-ibrahim-bekler\/\" title=\"Prof. Dr. Halil Ibrahim Bekler\" class=\"cmsmasters_img_link\"><img loading=\"lazy\" decoding=\"async\" width=\"500\" height=\"450\" src=\"https:\/\/avicennaint.com\/wp-content\/uploads\/2020\/06\/prof-dr-halil-ibrahim-bekler--500x450.webp\" class=\" wp-post-image\" alt=\"Halil \u0130brahim Bekler\" title=\"prof-dr-halil-ibrahim-bekler-\" \/><\/a><\/figure><div class=\"profile_inner\"><header class=\"cmsmasters_profile_header entry-header\"><h3 class=\"cmsmasters_profile_title entry-title\"><a href=\"https:\/\/avicennaint.com\/de\/doctor\/halil-ibrahim-bekler\/\">Prof. Dr. Halil Ibrahim Bekler<\/a><\/h3><h6 class=\"cmsmasters_profile_subtitle\">Orthop\u00e4die und Traumatologie<\/h6><\/header><\/div>\t<\/div>\r\n<\/article>\r\n<!-- Finish Profile Horizontal Article -->\r\n\r\n<!-- Start Profile Horizontal Article -->\r\n<article id=\"post-72324\" class=\"cmsmasters_profile_horizontal one_fourth post-72324 profile type-profile status-publish has-post-thumbnail hentry pl-categs-ortopedi-ve-travmatoloji\">\r\n\t<div class=\"profile_outer\">\r\n\t<figure class=\"cmsmasters_img_wrap\"><a href=\"https:\/\/avicennaint.com\/de\/doctor\/ismail-kalkar\/\" title=\"M.D. Ismail Kalkar\" class=\"cmsmasters_img_link\"><img loading=\"lazy\" decoding=\"async\" width=\"500\" height=\"450\" src=\"https:\/\/avicennaint.com\/wp-content\/uploads\/2021\/12\/op.dr-ismail-kalkar--500x450.webp\" class=\" wp-post-image\" alt=\"\u0130smail Kalkar\" title=\"op.dr-ismail-kalkar-\" \/><\/a><\/figure><div class=\"profile_inner\"><header class=\"cmsmasters_profile_header entry-header\"><h3 class=\"cmsmasters_profile_title entry-title\"><a href=\"https:\/\/avicennaint.com\/de\/doctor\/ismail-kalkar\/\">M.D. Ismail Kalkar<\/a><\/h3><h6 class=\"cmsmasters_profile_subtitle\">Orthop\u00e4die und Traumatologie<\/h6><\/header><\/div>\t<\/div>\r\n<\/article>\r\n<!-- Finish Profile Horizontal Article -->\r\n\r\n<\/div>\n<\/div><\/div>\n<\/div>\n<\/div>\n<\/div>\n<\/div>\n<\/div>\n<div id=\"cmsmasters_row_88nwp9sjni\" class=\"cmsmasters_row cmsmasters_color_scheme_default cmsmasters_row_top_default cmsmasters_row_bot_default cmsmasters_row_boxed\">\n<div class=\"cmsmasters_row_outer_parent\">\n<div class=\"cmsmasters_row_outer\">\n<div class=\"cmsmasters_row_inner\">\n<div class=\"cmsmasters_row_margin\">\n<div id=\"cmsmasters_column_x16bejn3v\" class=\"cmsmasters_column one_first\">\n<div class=\"cmsmasters_column_inner\"><p><\/p>\n<\/div><\/div>\n<\/div>\n<\/div>\n<\/div>\n<\/div>\n<\/div>\n\n","protected":false},"excerpt":{"rendered":"","protected":false},"author":2,"featured_media":0,"parent":0,"menu_order":0,"comment_status":"closed","ping_status":"closed","template":"elementor_header_footer","meta":{"footnotes":""},"class_list":["post-97191","page","type-page","status-publish","hentry"],"yoast_head":"<!-- This site is optimized with the Yoast SEO Premium plugin v27.4 (Yoast SEO v27.4) - https:\/\/yoast.com\/product\/yoast-seo-premium-wordpress\/ -->\n<title>Unsere \u00c4rzte | Avicenna Krankenhaus<\/title>\n<meta name=\"robots\" content=\"index, follow, max-snippet:-1, max-image-preview:large, max-video-preview:-1\" \/>\n<link rel=\"canonical\" href=\"https:\/\/avicennaint.com\/de\/unsere-aerzte\/\" \/>\n<meta property=\"og:locale\" content=\"de_DE\" \/>\n<meta property=\"og:type\" content=\"article\" \/>\n<meta property=\"og:title\" content=\"Unsere \u00c4rzte\" \/>\n<meta property=\"og:url\" content=\"https:\/\/avicennaint.com\/de\/unsere-aerzte\/\" \/>\n<meta property=\"og:site_name\" content=\"Avicenna Krankenhaus\" \/>\n<meta property=\"article:publisher\" content=\"https:\/\/www.facebook.com\/avicennaint\" \/>\n<meta property=\"article:modified_time\" content=\"2025-10-13T07:50:10+00:00\" \/>\n<meta name=\"twitter:card\" content=\"summary_large_image\" \/>\n<meta name=\"twitter:site\" content=\"@avicennaintcom\" \/>\n<meta name=\"twitter:label1\" content=\"Gesch\u00e4tzte Lesezeit\" \/>\n\t<meta name=\"twitter:data1\" content=\"1\u00a0Minute\" \/>\n<script type=\"application\/ld+json\" class=\"yoast-schema-graph\">{\"@context\":\"https:\\\/\\\/schema.org\",\"@graph\":[{\"@type\":\"WebPage\",\"@id\":\"https:\\\/\\\/avicennaint.com\\\/de\\\/unsere-aerzte\\\/\",\"url\":\"https:\\\/\\\/avicennaint.com\\\/de\\\/unsere-aerzte\\\/\",\"name\":\"Unsere \u00c4rzte | Avicenna Krankenhaus\",\"isPartOf\":{\"@id\":\"https:\\\/\\\/avicennaint.com\\\/de\\\/#website\"},\"datePublished\":\"2023-12-03T06:40:31+00:00\",\"dateModified\":\"2025-10-13T07:50:10+00:00\",\"breadcrumb\":{\"@id\":\"https:\\\/\\\/avicennaint.com\\\/de\\\/unsere-aerzte\\\/#breadcrumb\"},\"inLanguage\":\"de\",\"potentialAction\":[{\"@type\":\"ReadAction\",\"target\":[\"https:\\\/\\\/avicennaint.com\\\/de\\\/unsere-aerzte\\\/\"]}]},{\"@type\":\"BreadcrumbList\",\"@id\":\"https:\\\/\\\/avicennaint.com\\\/de\\\/unsere-aerzte\\\/#breadcrumb\",\"itemListElement\":[{\"@type\":\"ListItem\",\"position\":1,\"name\":\"Home\",\"item\":\"https:\\\/\\\/avicennaint.com\\\/de\\\/\"},{\"@type\":\"ListItem\",\"position\":2,\"name\":\"Unsere \u00c4rzte\"}]},{\"@type\":\"WebSite\",\"@id\":\"https:\\\/\\\/avicennaint.com\\\/de\\\/#website\",\"url\":\"https:\\\/\\\/avicennaint.com\\\/de\\\/\",\"name\":\"Avicenna Hastanesi\",\"description\":\"Avicenna Atasehir Internationales Krankenhaus\",\"publisher\":{\"@id\":\"https:\\\/\\\/avicennaint.com\\\/de\\\/#organization\"},\"alternateName\":\"Avicenna\",\"potentialAction\":[{\"@type\":\"SearchAction\",\"target\":{\"@type\":\"EntryPoint\",\"urlTemplate\":\"https:\\\/\\\/avicennaint.com\\\/de\\\/?s={search_term_string}\"},\"query-input\":{\"@type\":\"PropertyValueSpecification\",\"valueRequired\":true,\"valueName\":\"search_term_string\"}}],\"inLanguage\":\"de\"},{\"@type\":\"Organization\",\"@id\":\"https:\\\/\\\/avicennaint.com\\\/de\\\/#organization\",\"name\":\"Avicenna Hastanesi\",\"alternateName\":\"Avicenna Hospital\",\"url\":\"https:\\\/\\\/avicennaint.com\\\/de\\\/\",\"logo\":{\"@type\":\"ImageObject\",\"inLanguage\":\"de\",\"@id\":\"https:\\\/\\\/avicennaint.com\\\/de\\\/#\\\/schema\\\/logo\\\/image\\\/\",\"url\":\"https:\\\/\\\/avicennaint.com\\\/wp-content\\\/uploads\\\/2021\\\/04\\\/avicenna-logo-kare-blog.jpg\",\"contentUrl\":\"https:\\\/\\\/avicennaint.com\\\/wp-content\\\/uploads\\\/2021\\\/04\\\/avicenna-logo-kare-blog.jpg\",\"width\":800,\"height\":450,\"caption\":\"Avicenna Hastanesi\"},\"image\":{\"@id\":\"https:\\\/\\\/avicennaint.com\\\/de\\\/#\\\/schema\\\/logo\\\/image\\\/\"},\"sameAs\":[\"https:\\\/\\\/www.facebook.com\\\/avicennaint\",\"https:\\\/\\\/x.com\\\/avicennaintcom\",\"https:\\\/\\\/mastodon.social\\\/@avicenna\",\"https:\\\/\\\/www.instagram.com\\\/avicennahastanesi\\\/\",\"https:\\\/\\\/www.linkedin.com\\\/company\\\/avicennahastanesi\\\/\",\"https:\\\/\\\/www.youtube.com\\\/@avicennaint\\\/\",\"https:\\\/\\\/www.instagram.com\\\/avicennaint\\\/\"]}]}<\/script>\n<!-- \/ Yoast SEO Premium plugin. -->","yoast_head_json":{"title":"Unsere \u00c4rzte | Avicenna Krankenhaus","robots":{"index":"index","follow":"follow","max-snippet":"max-snippet:-1","max-image-preview":"max-image-preview:large","max-video-preview":"max-video-preview:-1"},"canonical":"https:\/\/avicennaint.com\/de\/unsere-aerzte\/","og_locale":"de_DE","og_type":"article","og_title":"Unsere \u00c4rzte","og_url":"https:\/\/avicennaint.com\/de\/unsere-aerzte\/","og_site_name":"Avicenna Krankenhaus","article_publisher":"https:\/\/www.facebook.com\/avicennaint","article_modified_time":"2025-10-13T07:50:10+00:00","twitter_card":"summary_large_image","twitter_site":"@avicennaintcom","twitter_misc":{"Gesch\u00e4tzte Lesezeit":"1\u00a0Minute"},"schema":{"@context":"https:\/\/schema.org","@graph":[{"@type":"WebPage","@id":"https:\/\/avicennaint.com\/de\/unsere-aerzte\/","url":"https:\/\/avicennaint.com\/de\/unsere-aerzte\/","name":"Unsere \u00c4rzte | Avicenna Krankenhaus","isPartOf":{"@id":"https:\/\/avicennaint.com\/de\/#website"},"datePublished":"2023-12-03T06:40:31+00:00","dateModified":"2025-10-13T07:50:10+00:00","breadcrumb":{"@id":"https:\/\/avicennaint.com\/de\/unsere-aerzte\/#breadcrumb"},"inLanguage":"de","potentialAction":[{"@type":"ReadAction","target":["https:\/\/avicennaint.com\/de\/unsere-aerzte\/"]}]},{"@type":"BreadcrumbList","@id":"https:\/\/avicennaint.com\/de\/unsere-aerzte\/#breadcrumb","itemListElement":[{"@type":"ListItem","position":1,"name":"Home","item":"https:\/\/avicennaint.com\/de\/"},{"@type":"ListItem","position":2,"name":"Unsere \u00c4rzte"}]},{"@type":"WebSite","@id":"https:\/\/avicennaint.com\/de\/#website","url":"https:\/\/avicennaint.com\/de\/","name":"Avicenna Hastanesi","description":"Avicenna Atasehir Internationales Krankenhaus","publisher":{"@id":"https:\/\/avicennaint.com\/de\/#organization"},"alternateName":"Avicenna","potentialAction":[{"@type":"SearchAction","target":{"@type":"EntryPoint","urlTemplate":"https:\/\/avicennaint.com\/de\/?s={search_term_string}"},"query-input":{"@type":"PropertyValueSpecification","valueRequired":true,"valueName":"search_term_string"}}],"inLanguage":"de"},{"@type":"Organization","@id":"https:\/\/avicennaint.com\/de\/#organization","name":"Avicenna Hastanesi","alternateName":"Avicenna Hospital","url":"https:\/\/avicennaint.com\/de\/","logo":{"@type":"ImageObject","inLanguage":"de","@id":"https:\/\/avicennaint.com\/de\/#\/schema\/logo\/image\/","url":"https:\/\/avicennaint.com\/wp-content\/uploads\/2021\/04\/avicenna-logo-kare-blog.jpg","contentUrl":"https:\/\/avicennaint.com\/wp-content\/uploads\/2021\/04\/avicenna-logo-kare-blog.jpg","width":800,"height":450,"caption":"Avicenna Hastanesi"},"image":{"@id":"https:\/\/avicennaint.com\/de\/#\/schema\/logo\/image\/"},"sameAs":["https:\/\/www.facebook.com\/avicennaint","https:\/\/x.com\/avicennaintcom","https:\/\/mastodon.social\/@avicenna","https:\/\/www.instagram.com\/avicennahastanesi\/","https:\/\/www.linkedin.com\/company\/avicennahastanesi\/","https:\/\/www.youtube.com\/@avicennaint\/","https:\/\/www.instagram.com\/avicennaint\/"]}]}},"_links":{"self":[{"href":"https:\/\/avicennaint.com\/de\/wp-json\/wp\/v2\/pages\/97191","targetHints":{"allow":["GET"]}}],"collection":[{"href":"https:\/\/avicennaint.com\/de\/wp-json\/wp\/v2\/pages"}],"about":[{"href":"https:\/\/avicennaint.com\/de\/wp-json\/wp\/v2\/types\/page"}],"author":[{"embeddable":true,"href":"https:\/\/avicennaint.com\/de\/wp-json\/wp\/v2\/users\/2"}],"replies":[{"embeddable":true,"href":"https:\/\/avicennaint.com\/de\/wp-json\/wp\/v2\/comments?post=97191"}],"version-history":[{"count":0,"href":"https:\/\/avicennaint.com\/de\/wp-json\/wp\/v2\/pages\/97191\/revisions"}],"wp:attachment":[{"href":"https:\/\/avicennaint.com\/de\/wp-json\/wp\/v2\/media?parent=97191"}],"curies":[{"name":"wp","href":"https:\/\/api.w.org\/{rel}","templated":true}]}}