{"id":87098,"date":"2023-06-12T14:06:19","date_gmt":"2023-06-12T11:06:19","guid":{"rendered":"https:\/\/avicennaint.com\/tibbi-bolumler\/"},"modified":"2025-05-15T08:44:50","modified_gmt":"2025-05-15T05:44:50","slug":"departements","status":"publish","type":"page","link":"https:\/\/avicennaint.com\/fr\/departements\/","title":{"rendered":"D\u00e9partements"},"content":{"rendered":"\t\t<div data-elementor-type=\"wp-page\" data-elementor-id=\"87098\" class=\"elementor elementor-87098 elementor-12208\" data-elementor-post-type=\"page\">\n\t\t\t\t<div class=\"elementor-element elementor-element-6066883 e-flex e-con-boxed e-con e-parent\" data-id=\"6066883\" data-element_type=\"container\" data-e-type=\"container\">\n\t\t\t\t\t<div class=\"e-con-inner\">\n\t\t\t\t<div class=\"elementor-element elementor-element-2c9d5be elementor-grid-4 elementor-grid-tablet-2 elementor-grid-mobile-1 elementor-posts--thumbnail-top elementor-card-shadow-yes elementor-posts__hover-gradient elementor-widget elementor-widget-posts\" data-id=\"2c9d5be\" data-element_type=\"widget\" data-e-type=\"widget\" data-settings=\"{&quot;cards_columns&quot;:&quot;4&quot;,&quot;cards_columns_tablet&quot;:&quot;2&quot;,&quot;cards_columns_mobile&quot;:&quot;1&quot;,&quot;cards_row_gap&quot;:{&quot;unit&quot;:&quot;px&quot;,&quot;size&quot;:35,&quot;sizes&quot;:[]},&quot;cards_row_gap_tablet&quot;:{&quot;unit&quot;:&quot;px&quot;,&quot;size&quot;:&quot;&quot;,&quot;sizes&quot;:[]},&quot;cards_row_gap_mobile&quot;:{&quot;unit&quot;:&quot;px&quot;,&quot;size&quot;:&quot;&quot;,&quot;sizes&quot;:[]}}\" data-widget_type=\"posts.cards\">\n\t\t\t\t<div class=\"elementor-widget-container\">\n\t\t\t\t\t\t\t<div class=\"elementor-posts-container elementor-posts elementor-posts--skin-cards elementor-grid\" role=\"list\">\n\t\t\t\t<article class=\"elementor-post elementor-grid-item post-112644 project type-project status-publish format-standard has-post-thumbnail hentry\" role=\"listitem\">\n\t\t\t<div class=\"elementor-post__card\">\n\t\t\t\t<a class=\"elementor-post__thumbnail__link\" href=\"https:\/\/avicennaint.com\/fr\/tibbi-bolum\/a-propos-du-departement\/\" tabindex=\"-1\" ><div class=\"elementor-post__thumbnail\"><img fetchpriority=\"high\" decoding=\"async\" width=\"300\" height=\"169\" src=\"https:\/\/avicennaint.com\/wp-content\/uploads\/2025\/01\/a-propos-du-departement-g-300x169.webp\" class=\"attachment-medium size-medium wp-image-112649\" alt=\"\u0639\u0646 \u0627\u0644\u0642\u0633\u0645\" srcset=\"https:\/\/avicennaint.com\/wp-content\/uploads\/2025\/01\/a-propos-du-departement-g-300x169.webp 300w, https:\/\/avicennaint.com\/wp-content\/uploads\/2025\/01\/a-propos-du-departement-g-1024x576.webp 1024w, https:\/\/avicennaint.com\/wp-content\/uploads\/2025\/01\/a-propos-du-departement-g-768x432.webp 768w, https:\/\/avicennaint.com\/wp-content\/uploads\/2025\/01\/a-propos-du-departement-g-1536x864.webp 1536w, https:\/\/avicennaint.com\/wp-content\/uploads\/2025\/01\/a-propos-du-departement-g-2048x1152.webp 2048w, https:\/\/avicennaint.com\/wp-content\/uploads\/2025\/01\/a-propos-du-departement-g-580x326.webp 580w, https:\/\/avicennaint.com\/wp-content\/uploads\/2025\/01\/a-propos-du-departement-g-860x484.webp 860w, https:\/\/avicennaint.com\/wp-content\/uploads\/2025\/01\/a-propos-du-departement-g-1160x653.webp 1160w\" sizes=\"(max-width: 300px) 100vw, 300px\" \/><\/div><\/a>\n\t\t\t\t<div class=\"elementor-post__text\">\n\t\t\t\t<h2 class=\"elementor-post__title\">\n\t\t\t<a href=\"https:\/\/avicennaint.com\/fr\/tibbi-bolum\/a-propos-du-departement\/\" >\n\t\t\t\t\u00c0 propos du D\u00e9partement\t\t\t<\/a>\n\t\t<\/h2>\n\t\t\t\t<\/div>\n\t\t\t\t\t<\/div>\n\t\t<\/article>\n\t\t\t\t<article class=\"elementor-post elementor-grid-item post-86886 project type-project status-publish format-standard has-post-thumbnail hentry\" role=\"listitem\">\n\t\t\t<div class=\"elementor-post__card\">\n\t\t\t\t<a class=\"elementor-post__thumbnail__link\" href=\"https:\/\/avicennaint.com\/fr\/tibbi-bolum\/cardiologie\/\" tabindex=\"-1\" ><div class=\"elementor-post__thumbnail\"><img decoding=\"async\" width=\"300\" height=\"169\" src=\"https:\/\/avicennaint.com\/wp-content\/uploads\/2020\/01\/kardiyoloji-e-300x169.webp\" class=\"attachment-medium size-medium wp-image-59297\" alt=\"\" srcset=\"https:\/\/avicennaint.com\/wp-content\/uploads\/2020\/01\/kardiyoloji-e-300x169.webp 300w, https:\/\/avicennaint.com\/wp-content\/uploads\/2020\/01\/kardiyoloji-e-768x432.webp 768w, https:\/\/avicennaint.com\/wp-content\/uploads\/2020\/01\/kardiyoloji-e-580x326.webp 580w, https:\/\/avicennaint.com\/wp-content\/uploads\/2020\/01\/kardiyoloji-e.webp 800w\" sizes=\"(max-width: 300px) 100vw, 300px\" \/><\/div><\/a>\n\t\t\t\t<div class=\"elementor-post__text\">\n\t\t\t\t<h2 class=\"elementor-post__title\">\n\t\t\t<a href=\"https:\/\/avicennaint.com\/fr\/tibbi-bolum\/cardiologie\/\" >\n\t\t\t\tCardiologie\u00a0\t\t\t<\/a>\n\t\t<\/h2>\n\t\t\t\t<\/div>\n\t\t\t\t\t<\/div>\n\t\t<\/article>\n\t\t\t\t<article class=\"elementor-post elementor-grid-item post-86452 project type-project status-publish format-standard has-post-thumbnail hentry\" role=\"listitem\">\n\t\t\t<div class=\"elementor-post__card\">\n\t\t\t\t<a class=\"elementor-post__thumbnail__link\" href=\"https:\/\/avicennaint.com\/fr\/tibbi-bolum\/chirurgie-generale\/\" tabindex=\"-1\" ><div class=\"elementor-post__thumbnail\"><img decoding=\"async\" width=\"300\" height=\"169\" src=\"https:\/\/avicennaint.com\/wp-content\/uploads\/2020\/07\/cerrahi-bolumler-300x169.webp\" class=\"attachment-medium size-medium wp-image-59525\" alt=\"cerrahi b\u00f6l\u00fcmler\" srcset=\"https:\/\/avicennaint.com\/wp-content\/uploads\/2020\/07\/cerrahi-bolumler-300x169.webp 300w, https:\/\/avicennaint.com\/wp-content\/uploads\/2020\/07\/cerrahi-bolumler-768x432.webp 768w, https:\/\/avicennaint.com\/wp-content\/uploads\/2020\/07\/cerrahi-bolumler-580x326.webp 580w, https:\/\/avicennaint.com\/wp-content\/uploads\/2020\/07\/cerrahi-bolumler.webp 800w\" sizes=\"(max-width: 300px) 100vw, 300px\" \/><\/div><\/a>\n\t\t\t\t<div class=\"elementor-post__text\">\n\t\t\t\t<h2 class=\"elementor-post__title\">\n\t\t\t<a href=\"https:\/\/avicennaint.com\/fr\/tibbi-bolum\/chirurgie-generale\/\" >\n\t\t\t\tChirurgie G\u00e9n\u00e9rale\t\t\t<\/a>\n\t\t<\/h2>\n\t\t\t\t<\/div>\n\t\t\t\t\t<\/div>\n\t\t<\/article>\n\t\t\t\t<article class=\"elementor-post elementor-grid-item post-87001 project type-project status-publish format-standard has-post-thumbnail hentry\" role=\"listitem\">\n\t\t\t<div class=\"elementor-post__card\">\n\t\t\t\t<a class=\"elementor-post__thumbnail__link\" href=\"https:\/\/avicennaint.com\/fr\/tibbi-bolum\/lorl-oto-rhino-laryngologie\/\" tabindex=\"-1\" ><div class=\"elementor-post__thumbnail\"><img loading=\"lazy\" decoding=\"async\" width=\"300\" height=\"169\" src=\"https:\/\/avicennaint.com\/wp-content\/uploads\/2020\/01\/kulak-burun-bogaz-e-300x169.webp\" class=\"attachment-medium size-medium wp-image-59634\" alt=\"Kulak Burun Bo\u011faz | KBB\" srcset=\"https:\/\/avicennaint.com\/wp-content\/uploads\/2020\/01\/kulak-burun-bogaz-e-300x169.webp 300w, https:\/\/avicennaint.com\/wp-content\/uploads\/2020\/01\/kulak-burun-bogaz-e-768x432.webp 768w, https:\/\/avicennaint.com\/wp-content\/uploads\/2020\/01\/kulak-burun-bogaz-e-580x326.webp 580w, https:\/\/avicennaint.com\/wp-content\/uploads\/2020\/01\/kulak-burun-bogaz-e.webp 800w\" sizes=\"(max-width: 300px) 100vw, 300px\" \/><\/div><\/a>\n\t\t\t\t<div class=\"elementor-post__text\">\n\t\t\t\t<h2 class=\"elementor-post__title\">\n\t\t\t<a href=\"https:\/\/avicennaint.com\/fr\/tibbi-bolum\/lorl-oto-rhino-laryngologie\/\" >\n\t\t\t\tL&rsquo;ORL (Oto-Rhino-Laryngologie)\t\t\t<\/a>\n\t\t<\/h2>\n\t\t\t\t<\/div>\n\t\t\t\t\t<\/div>\n\t\t<\/article>\n\t\t\t\t<article class=\"elementor-post elementor-grid-item post-86980 project type-project status-publish format-standard has-post-thumbnail hentry\" role=\"listitem\">\n\t\t\t<div class=\"elementor-post__card\">\n\t\t\t\t<a class=\"elementor-post__thumbnail__link\" href=\"https:\/\/avicennaint.com\/fr\/tibbi-bolum\/neurochirurgie\/\" tabindex=\"-1\" ><div class=\"elementor-post__thumbnail\"><img loading=\"lazy\" decoding=\"async\" width=\"300\" height=\"169\" src=\"https:\/\/avicennaint.com\/wp-content\/uploads\/2020\/01\/beyin-ve-sinir-cerrahisi-e-300x169.webp\" class=\"attachment-medium size-medium wp-image-59514\" alt=\"Beyin ve Sinir Cerrahisi (N\u00f6ro\u015fir\u00fcrji)\" srcset=\"https:\/\/avicennaint.com\/wp-content\/uploads\/2020\/01\/beyin-ve-sinir-cerrahisi-e-300x169.webp 300w, https:\/\/avicennaint.com\/wp-content\/uploads\/2020\/01\/beyin-ve-sinir-cerrahisi-e-768x432.webp 768w, https:\/\/avicennaint.com\/wp-content\/uploads\/2020\/01\/beyin-ve-sinir-cerrahisi-e-580x326.webp 580w, https:\/\/avicennaint.com\/wp-content\/uploads\/2020\/01\/beyin-ve-sinir-cerrahisi-e.webp 800w\" sizes=\"(max-width: 300px) 100vw, 300px\" \/><\/div><\/a>\n\t\t\t\t<div class=\"elementor-post__text\">\n\t\t\t\t<h2 class=\"elementor-post__title\">\n\t\t\t<a href=\"https:\/\/avicennaint.com\/fr\/tibbi-bolum\/neurochirurgie\/\" >\n\t\t\t\tNeurochirurgie\t\t\t<\/a>\n\t\t<\/h2>\n\t\t\t\t<\/div>\n\t\t\t\t\t<\/div>\n\t\t<\/article>\n\t\t\t\t<article class=\"elementor-post elementor-grid-item post-86936 project type-project status-publish format-standard has-post-thumbnail hentry\" role=\"listitem\">\n\t\t\t<div class=\"elementor-post__card\">\n\t\t\t\t<a class=\"elementor-post__thumbnail__link\" href=\"https:\/\/avicennaint.com\/fr\/tibbi-bolum\/ophtalmologie\/\" tabindex=\"-1\" ><div class=\"elementor-post__thumbnail\"><img loading=\"lazy\" decoding=\"async\" width=\"300\" height=\"169\" src=\"https:\/\/avicennaint.com\/wp-content\/uploads\/2020\/01\/goz-hastaliklari-e-300x169.webp\" class=\"attachment-medium size-medium wp-image-59583\" alt=\"G\u00f6z Hastal\u0131klar\u0131\" srcset=\"https:\/\/avicennaint.com\/wp-content\/uploads\/2020\/01\/goz-hastaliklari-e-300x169.webp 300w, https:\/\/avicennaint.com\/wp-content\/uploads\/2020\/01\/goz-hastaliklari-e-768x432.webp 768w, https:\/\/avicennaint.com\/wp-content\/uploads\/2020\/01\/goz-hastaliklari-e-580x326.webp 580w, https:\/\/avicennaint.com\/wp-content\/uploads\/2020\/01\/goz-hastaliklari-e.webp 800w\" sizes=\"(max-width: 300px) 100vw, 300px\" \/><\/div><\/a>\n\t\t\t\t<div class=\"elementor-post__text\">\n\t\t\t\t<h2 class=\"elementor-post__title\">\n\t\t\t<a href=\"https:\/\/avicennaint.com\/fr\/tibbi-bolum\/ophtalmologie\/\" >\n\t\t\t\tOphtalmologie\t\t\t<\/a>\n\t\t<\/h2>\n\t\t\t\t<\/div>\n\t\t\t\t\t<\/div>\n\t\t<\/article>\n\t\t\t\t<article class=\"elementor-post elementor-grid-item post-86456 project type-project status-publish format-standard has-post-thumbnail hentry\" role=\"listitem\">\n\t\t\t<div class=\"elementor-post__card\">\n\t\t\t\t<a class=\"elementor-post__thumbnail__link\" href=\"https:\/\/avicennaint.com\/fr\/tibbi-bolum\/ortopedi-ve-travmatoloji\/\" tabindex=\"-1\" ><div class=\"elementor-post__thumbnail\"><img loading=\"lazy\" decoding=\"async\" width=\"300\" height=\"169\" src=\"https:\/\/avicennaint.com\/wp-content\/uploads\/2020\/01\/ortopedi-ve-travmatoloji-e-300x169.webp\" class=\"attachment-medium size-medium wp-image-59682\" alt=\"Ortopedi ve Travmatoloji\" srcset=\"https:\/\/avicennaint.com\/wp-content\/uploads\/2020\/01\/ortopedi-ve-travmatoloji-e-300x169.webp 300w, https:\/\/avicennaint.com\/wp-content\/uploads\/2020\/01\/ortopedi-ve-travmatoloji-e-768x432.webp 768w, https:\/\/avicennaint.com\/wp-content\/uploads\/2020\/01\/ortopedi-ve-travmatoloji-e-580x326.webp 580w, https:\/\/avicennaint.com\/wp-content\/uploads\/2020\/01\/ortopedi-ve-travmatoloji-e.webp 800w\" sizes=\"(max-width: 300px) 100vw, 300px\" \/><\/div><\/a>\n\t\t\t\t<div class=\"elementor-post__text\">\n\t\t\t\t<h2 class=\"elementor-post__title\">\n\t\t\t<a href=\"https:\/\/avicennaint.com\/fr\/tibbi-bolum\/ortopedi-ve-travmatoloji\/\" >\n\t\t\t\tOrtopedi ve Travmatoloji\t\t\t<\/a>\n\t\t<\/h2>\n\t\t\t\t<\/div>\n\t\t\t\t\t<\/div>\n\t\t<\/article>\n\t\t\t\t<article class=\"elementor-post elementor-grid-item post-86489 project type-project status-publish format-standard has-post-thumbnail hentry\" role=\"listitem\">\n\t\t\t<div class=\"elementor-post__card\">\n\t\t\t\t<a class=\"elementor-post__thumbnail__link\" href=\"https:\/\/avicennaint.com\/fr\/tibbi-bolum\/polyclinique-dentaire\/\" tabindex=\"-1\" ><div class=\"elementor-post__thumbnail\"><img loading=\"lazy\" decoding=\"async\" width=\"300\" height=\"169\" src=\"https:\/\/avicennaint.com\/wp-content\/uploads\/2020\/01\/agiz-ve-dis-sagligi-300x169.webp\" class=\"attachment-medium size-medium wp-image-59490\" alt=\"a\u011f\u0131z ve di\u015f sa\u011fl\u0131\u011f\u0131\" srcset=\"https:\/\/avicennaint.com\/wp-content\/uploads\/2020\/01\/agiz-ve-dis-sagligi-300x169.webp 300w, https:\/\/avicennaint.com\/wp-content\/uploads\/2020\/01\/agiz-ve-dis-sagligi-768x432.webp 768w, https:\/\/avicennaint.com\/wp-content\/uploads\/2020\/01\/agiz-ve-dis-sagligi-580x326.webp 580w, https:\/\/avicennaint.com\/wp-content\/uploads\/2020\/01\/agiz-ve-dis-sagligi.webp 800w\" sizes=\"(max-width: 300px) 100vw, 300px\" \/><\/div><\/a>\n\t\t\t\t<div class=\"elementor-post__text\">\n\t\t\t\t<h2 class=\"elementor-post__title\">\n\t\t\t<a href=\"https:\/\/avicennaint.com\/fr\/tibbi-bolum\/polyclinique-dentaire\/\" >\n\t\t\t\tPolyclinique Dentaire\t\t\t<\/a>\n\t\t<\/h2>\n\t\t\t\t<\/div>\n\t\t\t\t\t<\/div>\n\t\t<\/article>\n\t\t\t\t<article class=\"elementor-post elementor-grid-item post-86461 project type-project status-publish format-standard has-post-thumbnail hentry\" role=\"listitem\">\n\t\t\t<div class=\"elementor-post__card\">\n\t\t\t\t<a class=\"elementor-post__thumbnail__link\" href=\"https:\/\/avicennaint.com\/fr\/tibbi-bolum\/transplantation-capillaire\/\" tabindex=\"-1\" ><div class=\"elementor-post__thumbnail\"><img loading=\"lazy\" decoding=\"async\" width=\"300\" height=\"169\" src=\"https:\/\/avicennaint.com\/wp-content\/uploads\/2020\/01\/sac-ekimi-e-300x169.webp\" class=\"attachment-medium size-medium wp-image-59708\" alt=\"Sa\u00e7 Ekimi\" srcset=\"https:\/\/avicennaint.com\/wp-content\/uploads\/2020\/01\/sac-ekimi-e-300x169.webp 300w, https:\/\/avicennaint.com\/wp-content\/uploads\/2020\/01\/sac-ekimi-e-768x432.webp 768w, https:\/\/avicennaint.com\/wp-content\/uploads\/2020\/01\/sac-ekimi-e-580x326.webp 580w, https:\/\/avicennaint.com\/wp-content\/uploads\/2020\/01\/sac-ekimi-e.webp 800w\" sizes=\"(max-width: 300px) 100vw, 300px\" \/><\/div><\/a>\n\t\t\t\t<div class=\"elementor-post__text\">\n\t\t\t\t<h2 class=\"elementor-post__title\">\n\t\t\t<a href=\"https:\/\/avicennaint.com\/fr\/tibbi-bolum\/transplantation-capillaire\/\" >\n\t\t\t\tTransplantation Capillaire\t\t\t<\/a>\n\t\t<\/h2>\n\t\t\t\t<\/div>\n\t\t\t\t\t<\/div>\n\t\t<\/article>\n\t\t\t\t<article class=\"elementor-post elementor-grid-item post-86965 project type-project status-publish format-standard has-post-thumbnail hentry\" role=\"listitem\">\n\t\t\t<div class=\"elementor-post__card\">\n\t\t\t\t<a class=\"elementor-post__thumbnail__link\" href=\"https:\/\/avicennaint.com\/fr\/tibbi-bolum\/urologue\/\" tabindex=\"-1\" ><div class=\"elementor-post__thumbnail\"><img loading=\"lazy\" decoding=\"async\" width=\"300\" height=\"169\" src=\"https:\/\/avicennaint.com\/wp-content\/uploads\/2020\/01\/uroloji-e-300x169.webp\" class=\"attachment-medium size-medium wp-image-59721\" alt=\"urology\" srcset=\"https:\/\/avicennaint.com\/wp-content\/uploads\/2020\/01\/uroloji-e-300x169.webp 300w, https:\/\/avicennaint.com\/wp-content\/uploads\/2020\/01\/uroloji-e-768x432.webp 768w, https:\/\/avicennaint.com\/wp-content\/uploads\/2020\/01\/uroloji-e-580x326.webp 580w, https:\/\/avicennaint.com\/wp-content\/uploads\/2020\/01\/uroloji-e.webp 800w\" sizes=\"(max-width: 300px) 100vw, 300px\" \/><\/div><\/a>\n\t\t\t\t<div class=\"elementor-post__text\">\n\t\t\t\t<h2 class=\"elementor-post__title\">\n\t\t\t<a href=\"https:\/\/avicennaint.com\/fr\/tibbi-bolum\/urologue\/\" >\n\t\t\t\tUrologie\t\t\t<\/a>\n\t\t<\/h2>\n\t\t\t\t<\/div>\n\t\t\t\t\t<\/div>\n\t\t<\/article>\n\t\t\t\t<\/div>\n\t\t\n\t\t\t\t\t\t<\/div>\n\t\t\t\t<\/div>\n\t\t\t\t\t<\/div>\n\t\t\t\t<\/div>\n\t\t\t\t<\/div>\n\t\t","protected":false},"excerpt":{"rendered":"","protected":false},"author":2,"featured_media":0,"parent":0,"menu_order":0,"comment_status":"closed","ping_status":"closed","template":"","meta":{"footnotes":""},"class_list":["post-87098","page","type-page","status-publish","hentry"],"yoast_head":"<!-- This site is optimized with the Yoast SEO Premium plugin v27.4 (Yoast SEO v27.4) - https:\/\/yoast.com\/product\/yoast-seo-premium-wordpress\/ -->\n<title>D\u00e9partements | Avicenna Hastanesi Hastanesi<\/title>\n<meta name=\"description\" content=\"\u00d6zel Ata\u015fehir Avicenna Hastanesi T\u0131bbi Birimler, Doktorlar\u0131. Avicenna Hastanemizde T\u00fcm hizmet verdi\u011fimiz t\u0131bbi birimlere bu sayfadan ula\u015fabilirsiniz.\" \/>\n<meta name=\"robots\" content=\"index, follow, max-snippet:-1, max-image-preview:large, max-video-preview:-1\" \/>\n<link rel=\"canonical\" href=\"https:\/\/avicennaint.com\/fr\/departements\/\" \/>\n<meta property=\"og:locale\" content=\"fr_FR\" \/>\n<meta property=\"og:type\" content=\"article\" \/>\n<meta property=\"og:title\" content=\"D\u00e9partements\" \/>\n<meta property=\"og:url\" content=\"https:\/\/avicennaint.com\/fr\/departements\/\" \/>\n<meta property=\"og:site_name\" content=\"Avicenna Hastanesi\" \/>\n<meta property=\"article:publisher\" content=\"https:\/\/www.facebook.com\/avicennaint\" \/>\n<meta property=\"article:modified_time\" content=\"2025-05-15T05:44:50+00:00\" \/>\n<meta name=\"twitter:card\" content=\"summary_large_image\" \/>\n<meta name=\"twitter:site\" content=\"@avicennaintcom\" \/>\n<meta name=\"twitter:label1\" content=\"Dur\u00e9e de lecture estim\u00e9e\" \/>\n\t<meta name=\"twitter:data1\" content=\"3 minutes\" \/>\n<script type=\"application\/ld+json\" class=\"yoast-schema-graph\">{\"@context\":\"https:\\\/\\\/schema.org\",\"@graph\":[{\"@type\":\"WebPage\",\"@id\":\"https:\\\/\\\/avicennaint.com\\\/fr\\\/departements\\\/\",\"url\":\"https:\\\/\\\/avicennaint.com\\\/fr\\\/departements\\\/\",\"name\":\"D\u00e9partements | Avicenna Hastanesi Hastanesi\",\"isPartOf\":{\"@id\":\"https:\\\/\\\/avicennaint.com\\\/fr\\\/#website\"},\"datePublished\":\"2023-06-12T11:06:19+00:00\",\"dateModified\":\"2025-05-15T05:44:50+00:00\",\"description\":\"\u00d6zel Ata\u015fehir Avicenna Hastanesi T\u0131bbi Birimler, Doktorlar\u0131. Avicenna Hastanemizde T\u00fcm hizmet verdi\u011fimiz t\u0131bbi birimlere bu sayfadan ula\u015fabilirsiniz.\",\"breadcrumb\":{\"@id\":\"https:\\\/\\\/avicennaint.com\\\/fr\\\/departements\\\/#breadcrumb\"},\"inLanguage\":\"fr-FR\",\"potentialAction\":[{\"@type\":\"ReadAction\",\"target\":[\"https:\\\/\\\/avicennaint.com\\\/fr\\\/departements\\\/\"]}]},{\"@type\":\"BreadcrumbList\",\"@id\":\"https:\\\/\\\/avicennaint.com\\\/fr\\\/departements\\\/#breadcrumb\",\"itemListElement\":[{\"@type\":\"ListItem\",\"position\":1,\"name\":\"Home\",\"item\":\"https:\\\/\\\/avicennaint.com\\\/fr\\\/\"},{\"@type\":\"ListItem\",\"position\":2,\"name\":\"D\u00e9partements\"}]},{\"@type\":\"WebSite\",\"@id\":\"https:\\\/\\\/avicennaint.com\\\/fr\\\/#website\",\"url\":\"https:\\\/\\\/avicennaint.com\\\/fr\\\/\",\"name\":\"Avicenna Hastanesi\",\"description\":\"Avicenna Hospital\",\"publisher\":{\"@id\":\"https:\\\/\\\/avicennaint.com\\\/fr\\\/#organization\"},\"alternateName\":\"Avicenna\",\"potentialAction\":[{\"@type\":\"SearchAction\",\"target\":{\"@type\":\"EntryPoint\",\"urlTemplate\":\"https:\\\/\\\/avicennaint.com\\\/fr\\\/?s={search_term_string}\"},\"query-input\":{\"@type\":\"PropertyValueSpecification\",\"valueRequired\":true,\"valueName\":\"search_term_string\"}}],\"inLanguage\":\"fr-FR\"},{\"@type\":\"Organization\",\"@id\":\"https:\\\/\\\/avicennaint.com\\\/fr\\\/#organization\",\"name\":\"Avicenna Hastanesi\",\"alternateName\":\"Avicenna Hospital\",\"url\":\"https:\\\/\\\/avicennaint.com\\\/fr\\\/\",\"logo\":{\"@type\":\"ImageObject\",\"inLanguage\":\"fr-FR\",\"@id\":\"https:\\\/\\\/avicennaint.com\\\/fr\\\/#\\\/schema\\\/logo\\\/image\\\/\",\"url\":\"https:\\\/\\\/avicennaint.com\\\/wp-content\\\/uploads\\\/2021\\\/04\\\/avicenna-logo-kare-blog.jpg\",\"contentUrl\":\"https:\\\/\\\/avicennaint.com\\\/wp-content\\\/uploads\\\/2021\\\/04\\\/avicenna-logo-kare-blog.jpg\",\"width\":800,\"height\":450,\"caption\":\"Avicenna Hastanesi\"},\"image\":{\"@id\":\"https:\\\/\\\/avicennaint.com\\\/fr\\\/#\\\/schema\\\/logo\\\/image\\\/\"},\"sameAs\":[\"https:\\\/\\\/www.facebook.com\\\/avicennaint\",\"https:\\\/\\\/x.com\\\/avicennaintcom\",\"https:\\\/\\\/mastodon.social\\\/@avicenna\",\"https:\\\/\\\/www.instagram.com\\\/avicennahastanesi\\\/\",\"https:\\\/\\\/www.linkedin.com\\\/company\\\/avicennahastanesi\\\/\",\"https:\\\/\\\/www.youtube.com\\\/@avicennaint\\\/\",\"https:\\\/\\\/www.instagram.com\\\/avicennaint\\\/\"]}]}<\/script>\n<!-- \/ Yoast SEO Premium plugin. -->","yoast_head_json":{"title":"D\u00e9partements | Avicenna Hastanesi Hastanesi","description":"\u00d6zel Ata\u015fehir Avicenna Hastanesi T\u0131bbi Birimler, Doktorlar\u0131. Avicenna Hastanemizde T\u00fcm hizmet verdi\u011fimiz t\u0131bbi birimlere bu sayfadan ula\u015fabilirsiniz.","robots":{"index":"index","follow":"follow","max-snippet":"max-snippet:-1","max-image-preview":"max-image-preview:large","max-video-preview":"max-video-preview:-1"},"canonical":"https:\/\/avicennaint.com\/fr\/departements\/","og_locale":"fr_FR","og_type":"article","og_title":"D\u00e9partements","og_url":"https:\/\/avicennaint.com\/fr\/departements\/","og_site_name":"Avicenna Hastanesi","article_publisher":"https:\/\/www.facebook.com\/avicennaint","article_modified_time":"2025-05-15T05:44:50+00:00","twitter_card":"summary_large_image","twitter_site":"@avicennaintcom","twitter_misc":{"Dur\u00e9e de lecture estim\u00e9e":"3 minutes"},"schema":{"@context":"https:\/\/schema.org","@graph":[{"@type":"WebPage","@id":"https:\/\/avicennaint.com\/fr\/departements\/","url":"https:\/\/avicennaint.com\/fr\/departements\/","name":"D\u00e9partements | Avicenna Hastanesi Hastanesi","isPartOf":{"@id":"https:\/\/avicennaint.com\/fr\/#website"},"datePublished":"2023-06-12T11:06:19+00:00","dateModified":"2025-05-15T05:44:50+00:00","description":"\u00d6zel Ata\u015fehir Avicenna Hastanesi T\u0131bbi Birimler, Doktorlar\u0131. Avicenna Hastanemizde T\u00fcm hizmet verdi\u011fimiz t\u0131bbi birimlere bu sayfadan ula\u015fabilirsiniz.","breadcrumb":{"@id":"https:\/\/avicennaint.com\/fr\/departements\/#breadcrumb"},"inLanguage":"fr-FR","potentialAction":[{"@type":"ReadAction","target":["https:\/\/avicennaint.com\/fr\/departements\/"]}]},{"@type":"BreadcrumbList","@id":"https:\/\/avicennaint.com\/fr\/departements\/#breadcrumb","itemListElement":[{"@type":"ListItem","position":1,"name":"Home","item":"https:\/\/avicennaint.com\/fr\/"},{"@type":"ListItem","position":2,"name":"D\u00e9partements"}]},{"@type":"WebSite","@id":"https:\/\/avicennaint.com\/fr\/#website","url":"https:\/\/avicennaint.com\/fr\/","name":"Avicenna Hastanesi","description":"Avicenna Hospital","publisher":{"@id":"https:\/\/avicennaint.com\/fr\/#organization"},"alternateName":"Avicenna","potentialAction":[{"@type":"SearchAction","target":{"@type":"EntryPoint","urlTemplate":"https:\/\/avicennaint.com\/fr\/?s={search_term_string}"},"query-input":{"@type":"PropertyValueSpecification","valueRequired":true,"valueName":"search_term_string"}}],"inLanguage":"fr-FR"},{"@type":"Organization","@id":"https:\/\/avicennaint.com\/fr\/#organization","name":"Avicenna Hastanesi","alternateName":"Avicenna Hospital","url":"https:\/\/avicennaint.com\/fr\/","logo":{"@type":"ImageObject","inLanguage":"fr-FR","@id":"https:\/\/avicennaint.com\/fr\/#\/schema\/logo\/image\/","url":"https:\/\/avicennaint.com\/wp-content\/uploads\/2021\/04\/avicenna-logo-kare-blog.jpg","contentUrl":"https:\/\/avicennaint.com\/wp-content\/uploads\/2021\/04\/avicenna-logo-kare-blog.jpg","width":800,"height":450,"caption":"Avicenna Hastanesi"},"image":{"@id":"https:\/\/avicennaint.com\/fr\/#\/schema\/logo\/image\/"},"sameAs":["https:\/\/www.facebook.com\/avicennaint","https:\/\/x.com\/avicennaintcom","https:\/\/mastodon.social\/@avicenna","https:\/\/www.instagram.com\/avicennahastanesi\/","https:\/\/www.linkedin.com\/company\/avicennahastanesi\/","https:\/\/www.youtube.com\/@avicennaint\/","https:\/\/www.instagram.com\/avicennaint\/"]}]}},"_links":{"self":[{"href":"https:\/\/avicennaint.com\/fr\/wp-json\/wp\/v2\/pages\/87098","targetHints":{"allow":["GET"]}}],"collection":[{"href":"https:\/\/avicennaint.com\/fr\/wp-json\/wp\/v2\/pages"}],"about":[{"href":"https:\/\/avicennaint.com\/fr\/wp-json\/wp\/v2\/types\/page"}],"author":[{"embeddable":true,"href":"https:\/\/avicennaint.com\/fr\/wp-json\/wp\/v2\/users\/2"}],"replies":[{"embeddable":true,"href":"https:\/\/avicennaint.com\/fr\/wp-json\/wp\/v2\/comments?post=87098"}],"version-history":[{"count":0,"href":"https:\/\/avicennaint.com\/fr\/wp-json\/wp\/v2\/pages\/87098\/revisions"}],"wp:attachment":[{"href":"https:\/\/avicennaint.com\/fr\/wp-json\/wp\/v2\/media?parent=87098"}],"curies":[{"name":"wp","href":"https:\/\/api.w.org\/{rel}","templated":true}]}}