{"id":43784,"date":"2016-09-12T12:53:29","date_gmt":"2016-09-12T12:53:29","guid":{"rendered":"https:\/\/avicennaint.com\/departments\/"},"modified":"2025-05-15T08:42:56","modified_gmt":"2025-05-15T05:42:56","slug":"departments","status":"publish","type":"page","link":"https:\/\/avicennaint.com\/sq\/departments\/","title":{"rendered":"Sh\u00ebrbimet"},"content":{"rendered":"\t\t<div data-elementor-type=\"wp-page\" data-elementor-id=\"43784\" class=\"elementor elementor-43784 elementor-12208\" data-elementor-post-type=\"page\">\n\t\t\t\t<div class=\"elementor-element elementor-element-9f081c5 e-flex e-con-boxed e-con e-parent\" data-id=\"9f081c5\" data-element_type=\"container\" data-e-type=\"container\">\n\t\t\t\t\t<div class=\"e-con-inner\">\n\t\t\t\t<div class=\"elementor-element elementor-element-160b11a elementor-grid-4 elementor-grid-tablet-2 elementor-grid-mobile-1 elementor-posts--thumbnail-top elementor-card-shadow-yes elementor-posts__hover-gradient elementor-widget elementor-widget-posts\" data-id=\"160b11a\" data-element_type=\"widget\" data-e-type=\"widget\" data-settings=\"{&quot;cards_columns&quot;:&quot;4&quot;,&quot;cards_columns_tablet&quot;:&quot;2&quot;,&quot;cards_columns_mobile&quot;:&quot;1&quot;,&quot;cards_row_gap&quot;:{&quot;unit&quot;:&quot;px&quot;,&quot;size&quot;:35,&quot;sizes&quot;:[]},&quot;cards_row_gap_tablet&quot;:{&quot;unit&quot;:&quot;px&quot;,&quot;size&quot;:&quot;&quot;,&quot;sizes&quot;:[]},&quot;cards_row_gap_mobile&quot;:{&quot;unit&quot;:&quot;px&quot;,&quot;size&quot;:&quot;&quot;,&quot;sizes&quot;:[]}}\" data-widget_type=\"posts.cards\">\n\t\t\t\t<div class=\"elementor-widget-container\">\n\t\t\t\t\t\t\t<div class=\"elementor-posts-container elementor-posts elementor-posts--skin-cards elementor-grid\" role=\"list\">\n\t\t\t\t<article class=\"elementor-post elementor-grid-item post-45543 project type-project status-publish format-standard has-post-thumbnail hentry\" role=\"listitem\">\n\t\t\t<div class=\"elementor-post__card\">\n\t\t\t\t<a class=\"elementor-post__thumbnail__link\" href=\"https:\/\/avicennaint.com\/sq\/sherbimet\/departamenti-hunde-vesh-fyt-orl\/\" tabindex=\"-1\" ><div class=\"elementor-post__thumbnail\"><img fetchpriority=\"high\" decoding=\"async\" width=\"300\" height=\"169\" src=\"https:\/\/avicennaint.com\/wp-content\/uploads\/2020\/01\/kulak-burun-bogaz-e-300x169.webp\" class=\"attachment-medium size-medium wp-image-59634\" alt=\"Kulak Burun Bo\u011faz | KBB\" srcset=\"https:\/\/avicennaint.com\/wp-content\/uploads\/2020\/01\/kulak-burun-bogaz-e-300x169.webp 300w, https:\/\/avicennaint.com\/wp-content\/uploads\/2020\/01\/kulak-burun-bogaz-e-768x432.webp 768w, https:\/\/avicennaint.com\/wp-content\/uploads\/2020\/01\/kulak-burun-bogaz-e-580x326.webp 580w, https:\/\/avicennaint.com\/wp-content\/uploads\/2020\/01\/kulak-burun-bogaz-e.webp 800w\" sizes=\"(max-width: 300px) 100vw, 300px\" \/><\/div><\/a>\n\t\t\t\t<div class=\"elementor-post__text\">\n\t\t\t\t<h2 class=\"elementor-post__title\">\n\t\t\t<a href=\"https:\/\/avicennaint.com\/sq\/sherbimet\/departamenti-hunde-vesh-fyt-orl\/\" >\n\t\t\t\tDepartamenti Hund\u00eb &#8211; Vesh &#8211; Fyt (ORL)\t\t\t<\/a>\n\t\t<\/h2>\n\t\t\t\t<\/div>\n\t\t\t\t\t<\/div>\n\t\t<\/article>\n\t\t\t\t<article class=\"elementor-post elementor-grid-item post-44452 project type-project status-publish format-standard has-post-thumbnail hentry\" role=\"listitem\">\n\t\t\t<div class=\"elementor-post__card\">\n\t\t\t\t<a class=\"elementor-post__thumbnail__link\" href=\"https:\/\/avicennaint.com\/sq\/sherbimet\/kardiologjia\/\" tabindex=\"-1\" ><div class=\"elementor-post__thumbnail\"><img decoding=\"async\" width=\"300\" height=\"169\" src=\"https:\/\/avicennaint.com\/wp-content\/uploads\/2020\/01\/kardiyoloji-e-300x169.webp\" class=\"attachment-medium size-medium wp-image-59297\" alt=\"\" srcset=\"https:\/\/avicennaint.com\/wp-content\/uploads\/2020\/01\/kardiyoloji-e-300x169.webp 300w, https:\/\/avicennaint.com\/wp-content\/uploads\/2020\/01\/kardiyoloji-e-768x432.webp 768w, https:\/\/avicennaint.com\/wp-content\/uploads\/2020\/01\/kardiyoloji-e-580x326.webp 580w, https:\/\/avicennaint.com\/wp-content\/uploads\/2020\/01\/kardiyoloji-e.webp 800w\" sizes=\"(max-width: 300px) 100vw, 300px\" \/><\/div><\/a>\n\t\t\t\t<div class=\"elementor-post__text\">\n\t\t\t\t<h2 class=\"elementor-post__title\">\n\t\t\t<a href=\"https:\/\/avicennaint.com\/sq\/sherbimet\/kardiologjia\/\" >\n\t\t\t\tKardiologjia\t\t\t<\/a>\n\t\t<\/h2>\n\t\t\t\t<\/div>\n\t\t\t\t\t<\/div>\n\t\t<\/article>\n\t\t\t\t<article class=\"elementor-post elementor-grid-item post-41978 project type-project status-publish format-standard has-post-thumbnail hentry\" role=\"listitem\">\n\t\t\t<div class=\"elementor-post__card\">\n\t\t\t\t<a class=\"elementor-post__thumbnail__link\" href=\"https:\/\/avicennaint.com\/sq\/sherbimet\/kirurgji-e-pergjithshme\/\" tabindex=\"-1\" ><div class=\"elementor-post__thumbnail\"><img decoding=\"async\" width=\"300\" height=\"169\" src=\"https:\/\/avicennaint.com\/wp-content\/uploads\/2020\/07\/cerrahi-bolumler-300x169.webp\" class=\"attachment-medium size-medium wp-image-59525\" alt=\"cerrahi b\u00f6l\u00fcmler\" srcset=\"https:\/\/avicennaint.com\/wp-content\/uploads\/2020\/07\/cerrahi-bolumler-300x169.webp 300w, https:\/\/avicennaint.com\/wp-content\/uploads\/2020\/07\/cerrahi-bolumler-768x432.webp 768w, https:\/\/avicennaint.com\/wp-content\/uploads\/2020\/07\/cerrahi-bolumler-580x326.webp 580w, https:\/\/avicennaint.com\/wp-content\/uploads\/2020\/07\/cerrahi-bolumler.webp 800w\" sizes=\"(max-width: 300px) 100vw, 300px\" \/><\/div><\/a>\n\t\t\t\t<div class=\"elementor-post__text\">\n\t\t\t\t<h2 class=\"elementor-post__title\">\n\t\t\t<a href=\"https:\/\/avicennaint.com\/sq\/sherbimet\/kirurgji-e-pergjithshme\/\" >\n\t\t\t\tKirurgji e P\u00ebrgjithshme\t\t\t<\/a>\n\t\t<\/h2>\n\t\t\t\t<\/div>\n\t\t\t\t\t<\/div>\n\t\t<\/article>\n\t\t\t\t<article class=\"elementor-post elementor-grid-item post-45415 project type-project status-publish format-standard has-post-thumbnail hentry\" role=\"listitem\">\n\t\t\t<div class=\"elementor-post__card\">\n\t\t\t\t<a class=\"elementor-post__thumbnail__link\" href=\"https:\/\/avicennaint.com\/sq\/sherbimet\/neurokirurgjia-kirurgjia-neurologjike\/\" tabindex=\"-1\" ><div class=\"elementor-post__thumbnail\"><img loading=\"lazy\" decoding=\"async\" width=\"300\" height=\"169\" src=\"https:\/\/avicennaint.com\/wp-content\/uploads\/2020\/01\/beyin-ve-sinir-cerrahisi-e-300x169.webp\" class=\"attachment-medium size-medium wp-image-59514\" alt=\"Beyin ve Sinir Cerrahisi (N\u00f6ro\u015fir\u00fcrji)\" srcset=\"https:\/\/avicennaint.com\/wp-content\/uploads\/2020\/01\/beyin-ve-sinir-cerrahisi-e-300x169.webp 300w, https:\/\/avicennaint.com\/wp-content\/uploads\/2020\/01\/beyin-ve-sinir-cerrahisi-e-768x432.webp 768w, https:\/\/avicennaint.com\/wp-content\/uploads\/2020\/01\/beyin-ve-sinir-cerrahisi-e-580x326.webp 580w, https:\/\/avicennaint.com\/wp-content\/uploads\/2020\/01\/beyin-ve-sinir-cerrahisi-e.webp 800w\" sizes=\"(max-width: 300px) 100vw, 300px\" \/><\/div><\/a>\n\t\t\t\t<div class=\"elementor-post__text\">\n\t\t\t\t<h2 class=\"elementor-post__title\">\n\t\t\t<a href=\"https:\/\/avicennaint.com\/sq\/sherbimet\/neurokirurgjia-kirurgjia-neurologjike\/\" >\n\t\t\t\tNeurokirurgjia \u2013 Kirurgjia Neurologjike\t\t\t<\/a>\n\t\t<\/h2>\n\t\t\t\t<\/div>\n\t\t\t\t\t<\/div>\n\t\t<\/article>\n\t\t\t\t<article class=\"elementor-post elementor-grid-item post-45538 project type-project status-publish format-standard has-post-thumbnail hentry\" role=\"listitem\">\n\t\t\t<div class=\"elementor-post__card\">\n\t\t\t\t<a class=\"elementor-post__thumbnail__link\" href=\"https:\/\/avicennaint.com\/sq\/sherbimet\/neurologji\/\" tabindex=\"-1\" ><div class=\"elementor-post__thumbnail\"><img loading=\"lazy\" decoding=\"async\" width=\"300\" height=\"169\" src=\"https:\/\/avicennaint.com\/wp-content\/uploads\/2020\/01\/noroloji-300x169.webp\" class=\"attachment-medium size-medium wp-image-59654\" alt=\"n\u00f6roloji\" srcset=\"https:\/\/avicennaint.com\/wp-content\/uploads\/2020\/01\/noroloji-300x169.webp 300w, https:\/\/avicennaint.com\/wp-content\/uploads\/2020\/01\/noroloji-768x432.webp 768w, https:\/\/avicennaint.com\/wp-content\/uploads\/2020\/01\/noroloji-580x326.webp 580w, https:\/\/avicennaint.com\/wp-content\/uploads\/2020\/01\/noroloji.webp 800w\" sizes=\"(max-width: 300px) 100vw, 300px\" \/><\/div><\/a>\n\t\t\t\t<div class=\"elementor-post__text\">\n\t\t\t\t<h2 class=\"elementor-post__title\">\n\t\t\t<a href=\"https:\/\/avicennaint.com\/sq\/sherbimet\/neurologji\/\" >\n\t\t\t\tNeurologji\t\t\t<\/a>\n\t\t<\/h2>\n\t\t\t\t<\/div>\n\t\t\t\t\t<\/div>\n\t\t<\/article>\n\t\t\t\t<article class=\"elementor-post elementor-grid-item post-42373 project type-project status-publish format-standard has-post-thumbnail hentry\" role=\"listitem\">\n\t\t\t<div class=\"elementor-post__card\">\n\t\t\t\t<a class=\"elementor-post__thumbnail__link\" href=\"https:\/\/avicennaint.com\/sq\/sherbimet\/ortopedia-dhe-traumatologjia\/\" tabindex=\"-1\" ><div class=\"elementor-post__thumbnail\"><img loading=\"lazy\" decoding=\"async\" width=\"300\" height=\"169\" src=\"https:\/\/avicennaint.com\/wp-content\/uploads\/2020\/01\/ortopedi-ve-travmatoloji-e-300x169.webp\" class=\"attachment-medium size-medium wp-image-59682\" alt=\"Ortopedi ve Travmatoloji\" srcset=\"https:\/\/avicennaint.com\/wp-content\/uploads\/2020\/01\/ortopedi-ve-travmatoloji-e-300x169.webp 300w, https:\/\/avicennaint.com\/wp-content\/uploads\/2020\/01\/ortopedi-ve-travmatoloji-e-768x432.webp 768w, https:\/\/avicennaint.com\/wp-content\/uploads\/2020\/01\/ortopedi-ve-travmatoloji-e-580x326.webp 580w, https:\/\/avicennaint.com\/wp-content\/uploads\/2020\/01\/ortopedi-ve-travmatoloji-e.webp 800w\" sizes=\"(max-width: 300px) 100vw, 300px\" \/><\/div><\/a>\n\t\t\t\t<div class=\"elementor-post__text\">\n\t\t\t\t<h2 class=\"elementor-post__title\">\n\t\t\t<a href=\"https:\/\/avicennaint.com\/sq\/sherbimet\/ortopedia-dhe-traumatologjia\/\" >\n\t\t\t\tOrtopedia dhe Traumatologjia\t\t\t<\/a>\n\t\t<\/h2>\n\t\t\t\t<\/div>\n\t\t\t\t\t<\/div>\n\t\t<\/article>\n\t\t\t\t<article class=\"elementor-post elementor-grid-item post-44194 project type-project status-publish format-standard has-post-thumbnail hentry\" role=\"listitem\">\n\t\t\t<div class=\"elementor-post__card\">\n\t\t\t\t<a class=\"elementor-post__thumbnail__link\" href=\"https:\/\/avicennaint.com\/sq\/sherbimet\/semundjet-e-gjoksit\/\" tabindex=\"-1\" ><div class=\"elementor-post__thumbnail\"><img loading=\"lazy\" decoding=\"async\" width=\"300\" height=\"169\" src=\"https:\/\/avicennaint.com\/wp-content\/uploads\/2020\/01\/gogus-hastaliklari-300x169.webp\" class=\"attachment-medium size-medium wp-image-59586\" alt=\"g\u00f6\u011f\u00fcs hastal\u0131klar\u0131\" srcset=\"https:\/\/avicennaint.com\/wp-content\/uploads\/2020\/01\/gogus-hastaliklari-300x169.webp 300w, https:\/\/avicennaint.com\/wp-content\/uploads\/2020\/01\/gogus-hastaliklari-768x432.webp 768w, https:\/\/avicennaint.com\/wp-content\/uploads\/2020\/01\/gogus-hastaliklari-580x326.webp 580w, https:\/\/avicennaint.com\/wp-content\/uploads\/2020\/01\/gogus-hastaliklari.webp 800w\" sizes=\"(max-width: 300px) 100vw, 300px\" \/><\/div><\/a>\n\t\t\t\t<div class=\"elementor-post__text\">\n\t\t\t\t<h2 class=\"elementor-post__title\">\n\t\t\t<a href=\"https:\/\/avicennaint.com\/sq\/sherbimet\/semundjet-e-gjoksit\/\" >\n\t\t\t\tS\u00ebmundjet e Gjoksit\t\t\t<\/a>\n\t\t<\/h2>\n\t\t\t\t<\/div>\n\t\t\t\t\t<\/div>\n\t\t<\/article>\n\t\t\t\t<article class=\"elementor-post elementor-grid-item post-45006 project type-project status-publish format-standard has-post-thumbnail hentry\" role=\"listitem\">\n\t\t\t<div class=\"elementor-post__card\">\n\t\t\t\t<a class=\"elementor-post__thumbnail__link\" href=\"https:\/\/avicennaint.com\/sq\/sherbimet\/shendeti-dhe-semundjet-e-femijeve\/\" tabindex=\"-1\" ><div class=\"elementor-post__thumbnail\"><img loading=\"lazy\" decoding=\"async\" width=\"300\" height=\"169\" src=\"https:\/\/avicennaint.com\/wp-content\/uploads\/2020\/01\/Cocuk-Sagligi-300x169.webp\" class=\"attachment-medium size-medium wp-image-59530\" alt=\"\u00e7ocuk sa\u011fl\u0131\u011f\u0131 ve hastal\u0131klar\u0131\" srcset=\"https:\/\/avicennaint.com\/wp-content\/uploads\/2020\/01\/Cocuk-Sagligi-300x169.webp 300w, https:\/\/avicennaint.com\/wp-content\/uploads\/2020\/01\/Cocuk-Sagligi-768x432.webp 768w, https:\/\/avicennaint.com\/wp-content\/uploads\/2020\/01\/Cocuk-Sagligi-580x326.webp 580w, https:\/\/avicennaint.com\/wp-content\/uploads\/2020\/01\/Cocuk-Sagligi.webp 800w\" sizes=\"(max-width: 300px) 100vw, 300px\" \/><\/div><\/a>\n\t\t\t\t<div class=\"elementor-post__text\">\n\t\t\t\t<h2 class=\"elementor-post__title\">\n\t\t\t<a href=\"https:\/\/avicennaint.com\/sq\/sherbimet\/shendeti-dhe-semundjet-e-femijeve\/\" >\n\t\t\t\tSh\u00ebndeti dhe S\u00ebmundjet e F\u00ebmij\u00ebve\t\t\t<\/a>\n\t\t<\/h2>\n\t\t\t\t<\/div>\n\t\t\t\t\t<\/div>\n\t\t<\/article>\n\t\t\t\t<article class=\"elementor-post elementor-grid-item post-45000 project type-project status-publish format-standard has-post-thumbnail hentry\" role=\"listitem\">\n\t\t\t<div class=\"elementor-post__card\">\n\t\t\t\t<a class=\"elementor-post__thumbnail__link\" href=\"https:\/\/avicennaint.com\/sq\/sherbimet\/shendeti-i-gojes-dhe-dhembeve\/\" tabindex=\"-1\" ><div class=\"elementor-post__thumbnail\"><img loading=\"lazy\" decoding=\"async\" width=\"300\" height=\"169\" src=\"https:\/\/avicennaint.com\/wp-content\/uploads\/2020\/01\/agiz-ve-dis-sagligi-300x169.webp\" class=\"attachment-medium size-medium wp-image-59490\" alt=\"a\u011f\u0131z ve di\u015f sa\u011fl\u0131\u011f\u0131\" srcset=\"https:\/\/avicennaint.com\/wp-content\/uploads\/2020\/01\/agiz-ve-dis-sagligi-300x169.webp 300w, https:\/\/avicennaint.com\/wp-content\/uploads\/2020\/01\/agiz-ve-dis-sagligi-768x432.webp 768w, https:\/\/avicennaint.com\/wp-content\/uploads\/2020\/01\/agiz-ve-dis-sagligi-580x326.webp 580w, https:\/\/avicennaint.com\/wp-content\/uploads\/2020\/01\/agiz-ve-dis-sagligi.webp 800w\" sizes=\"(max-width: 300px) 100vw, 300px\" \/><\/div><\/a>\n\t\t\t\t<div class=\"elementor-post__text\">\n\t\t\t\t<h2 class=\"elementor-post__title\">\n\t\t\t<a href=\"https:\/\/avicennaint.com\/sq\/sherbimet\/shendeti-i-gojes-dhe-dhembeve\/\" >\n\t\t\t\tSh\u00ebndeti i goj\u00ebs dhe dh\u00ebmb\u00ebve\t\t\t<\/a>\n\t\t<\/h2>\n\t\t\t\t<\/div>\n\t\t\t\t\t<\/div>\n\t\t<\/article>\n\t\t\t\t<article class=\"elementor-post elementor-grid-item post-43291 project type-project status-publish format-standard has-post-thumbnail hentry\" role=\"listitem\">\n\t\t\t<div class=\"elementor-post__card\">\n\t\t\t\t<a class=\"elementor-post__thumbnail__link\" href=\"https:\/\/avicennaint.com\/sq\/sherbimet\/shendeti-i-syve-dhe-semundjet\/\" tabindex=\"-1\" ><div class=\"elementor-post__thumbnail\"><img loading=\"lazy\" decoding=\"async\" width=\"300\" height=\"169\" src=\"https:\/\/avicennaint.com\/wp-content\/uploads\/2020\/01\/goz-hastaliklari-e-300x169.webp\" class=\"attachment-medium size-medium wp-image-59583\" alt=\"G\u00f6z Hastal\u0131klar\u0131\" srcset=\"https:\/\/avicennaint.com\/wp-content\/uploads\/2020\/01\/goz-hastaliklari-e-300x169.webp 300w, https:\/\/avicennaint.com\/wp-content\/uploads\/2020\/01\/goz-hastaliklari-e-768x432.webp 768w, https:\/\/avicennaint.com\/wp-content\/uploads\/2020\/01\/goz-hastaliklari-e-580x326.webp 580w, https:\/\/avicennaint.com\/wp-content\/uploads\/2020\/01\/goz-hastaliklari-e.webp 800w\" sizes=\"(max-width: 300px) 100vw, 300px\" \/><\/div><\/a>\n\t\t\t\t<div class=\"elementor-post__text\">\n\t\t\t\t<h2 class=\"elementor-post__title\">\n\t\t\t<a href=\"https:\/\/avicennaint.com\/sq\/sherbimet\/shendeti-i-syve-dhe-semundjet\/\" >\n\t\t\t\tSh\u00ebndeti i syve dhe s\u00ebmundjet\t\t\t<\/a>\n\t\t<\/h2>\n\t\t\t\t<\/div>\n\t\t\t\t\t<\/div>\n\t\t<\/article>\n\t\t\t\t<article class=\"elementor-post elementor-grid-item post-44489 project type-project status-publish format-standard has-post-thumbnail hentry\" role=\"listitem\">\n\t\t\t<div class=\"elementor-post__card\">\n\t\t\t\t<a class=\"elementor-post__thumbnail__link\" href=\"https:\/\/avicennaint.com\/sq\/sherbimet\/urologjia\/\" tabindex=\"-1\" ><div class=\"elementor-post__thumbnail\"><img loading=\"lazy\" decoding=\"async\" width=\"300\" height=\"169\" src=\"https:\/\/avicennaint.com\/wp-content\/uploads\/2020\/01\/uroloji-e-300x169.webp\" class=\"attachment-medium size-medium wp-image-59721\" alt=\"urology\" srcset=\"https:\/\/avicennaint.com\/wp-content\/uploads\/2020\/01\/uroloji-e-300x169.webp 300w, https:\/\/avicennaint.com\/wp-content\/uploads\/2020\/01\/uroloji-e-768x432.webp 768w, https:\/\/avicennaint.com\/wp-content\/uploads\/2020\/01\/uroloji-e-580x326.webp 580w, https:\/\/avicennaint.com\/wp-content\/uploads\/2020\/01\/uroloji-e.webp 800w\" sizes=\"(max-width: 300px) 100vw, 300px\" \/><\/div><\/a>\n\t\t\t\t<div class=\"elementor-post__text\">\n\t\t\t\t<h2 class=\"elementor-post__title\">\n\t\t\t<a href=\"https:\/\/avicennaint.com\/sq\/sherbimet\/urologjia\/\" >\n\t\t\t\tUrologjia\t\t\t<\/a>\n\t\t<\/h2>\n\t\t\t\t<\/div>\n\t\t\t\t\t<\/div>\n\t\t<\/article>\n\t\t\t\t<\/div>\n\t\t\n\t\t\t\t\t\t<\/div>\n\t\t\t\t<\/div>\n\t\t\t\t\t<\/div>\n\t\t\t\t<\/div>\n\t\t\t\t<\/div>\n\t\t","protected":false},"excerpt":{"rendered":"","protected":false},"author":2,"featured_media":0,"parent":0,"menu_order":0,"comment_status":"closed","ping_status":"closed","template":"","meta":{"footnotes":""},"class_list":["post-43784","page","type-page","status-publish","hentry"],"yoast_head":"<!-- This site is optimized with the Yoast SEO Premium plugin v27.4 (Yoast SEO v27.4) - https:\/\/yoast.com\/product\/yoast-seo-premium-wordpress\/ -->\n<title>Sh\u00ebrbimet | Istanbul Avicenna International Hospital<\/title>\n<meta name=\"robots\" content=\"index, follow, max-snippet:-1, max-image-preview:large, max-video-preview:-1\" \/>\n<link rel=\"canonical\" href=\"https:\/\/avicennaint.com\/sq\/departments\/\" \/>\n<meta property=\"og:locale\" content=\"sq_AL\" \/>\n<meta property=\"og:type\" content=\"article\" \/>\n<meta property=\"og:title\" content=\"Sh\u00ebrbimet\" \/>\n<meta property=\"og:url\" content=\"https:\/\/avicennaint.com\/sq\/departments\/\" \/>\n<meta property=\"og:site_name\" content=\"Avicenna Hastanesi\" \/>\n<meta property=\"article:publisher\" content=\"https:\/\/www.facebook.com\/avicennaint\" \/>\n<meta property=\"article:modified_time\" content=\"2025-05-15T05:42:56+00:00\" \/>\n<meta name=\"twitter:card\" content=\"summary_large_image\" \/>\n<meta name=\"twitter:site\" content=\"@avicennaintcom\" \/>\n<meta name=\"twitter:label1\" content=\"Est. reading time\" \/>\n\t<meta name=\"twitter:data1\" content=\"3 minutes\" \/>\n<script type=\"application\/ld+json\" class=\"yoast-schema-graph\">{\"@context\":\"https:\\\/\\\/schema.org\",\"@graph\":[{\"@type\":\"WebPage\",\"@id\":\"https:\\\/\\\/avicennaint.com\\\/sq\\\/departments\\\/\",\"url\":\"https:\\\/\\\/avicennaint.com\\\/sq\\\/departments\\\/\",\"name\":\"Sh\u00ebrbimet | Istanbul Avicenna International Hospital\",\"isPartOf\":{\"@id\":\"https:\\\/\\\/avicennaint.com\\\/sq\\\/#website\"},\"datePublished\":\"2016-09-12T12:53:29+00:00\",\"dateModified\":\"2025-05-15T05:42:56+00:00\",\"breadcrumb\":{\"@id\":\"https:\\\/\\\/avicennaint.com\\\/sq\\\/departments\\\/#breadcrumb\"},\"inLanguage\":\"sq-AL\",\"potentialAction\":[{\"@type\":\"ReadAction\",\"target\":[\"https:\\\/\\\/avicennaint.com\\\/sq\\\/departments\\\/\"]}]},{\"@type\":\"BreadcrumbList\",\"@id\":\"https:\\\/\\\/avicennaint.com\\\/sq\\\/departments\\\/#breadcrumb\",\"itemListElement\":[{\"@type\":\"ListItem\",\"position\":1,\"name\":\"Home\",\"item\":\"https:\\\/\\\/avicennaint.com\\\/sq\\\/\"},{\"@type\":\"ListItem\",\"position\":2,\"name\":\"Sh\u00ebrbimet\"}]},{\"@type\":\"WebSite\",\"@id\":\"https:\\\/\\\/avicennaint.com\\\/sq\\\/#website\",\"url\":\"https:\\\/\\\/avicennaint.com\\\/sq\\\/\",\"name\":\"Avicenna Hastanesi\",\"description\":\"Avicenna Hospital\",\"publisher\":{\"@id\":\"https:\\\/\\\/avicennaint.com\\\/sq\\\/#organization\"},\"alternateName\":\"Avicenna\",\"potentialAction\":[{\"@type\":\"SearchAction\",\"target\":{\"@type\":\"EntryPoint\",\"urlTemplate\":\"https:\\\/\\\/avicennaint.com\\\/sq\\\/?s={search_term_string}\"},\"query-input\":{\"@type\":\"PropertyValueSpecification\",\"valueRequired\":true,\"valueName\":\"search_term_string\"}}],\"inLanguage\":\"sq-AL\"},{\"@type\":\"Organization\",\"@id\":\"https:\\\/\\\/avicennaint.com\\\/sq\\\/#organization\",\"name\":\"Avicenna Hastanesi\",\"alternateName\":\"Avicenna Hospital\",\"url\":\"https:\\\/\\\/avicennaint.com\\\/sq\\\/\",\"logo\":{\"@type\":\"ImageObject\",\"inLanguage\":\"sq-AL\",\"@id\":\"https:\\\/\\\/avicennaint.com\\\/sq\\\/#\\\/schema\\\/logo\\\/image\\\/\",\"url\":\"https:\\\/\\\/avicennaint.com\\\/wp-content\\\/uploads\\\/2021\\\/04\\\/avicenna-logo-kare-blog.jpg\",\"contentUrl\":\"https:\\\/\\\/avicennaint.com\\\/wp-content\\\/uploads\\\/2021\\\/04\\\/avicenna-logo-kare-blog.jpg\",\"width\":800,\"height\":450,\"caption\":\"Avicenna Hastanesi\"},\"image\":{\"@id\":\"https:\\\/\\\/avicennaint.com\\\/sq\\\/#\\\/schema\\\/logo\\\/image\\\/\"},\"sameAs\":[\"https:\\\/\\\/www.facebook.com\\\/avicennaint\",\"https:\\\/\\\/x.com\\\/avicennaintcom\",\"https:\\\/\\\/mastodon.social\\\/@avicenna\",\"https:\\\/\\\/www.instagram.com\\\/avicennahastanesi\\\/\",\"https:\\\/\\\/www.linkedin.com\\\/company\\\/avicennahastanesi\\\/\",\"https:\\\/\\\/www.youtube.com\\\/@avicennaint\\\/\",\"https:\\\/\\\/www.instagram.com\\\/avicennaint\\\/\"]}]}<\/script>\n<!-- \/ Yoast SEO Premium plugin. -->","yoast_head_json":{"title":"Sh\u00ebrbimet | Istanbul Avicenna International Hospital","robots":{"index":"index","follow":"follow","max-snippet":"max-snippet:-1","max-image-preview":"max-image-preview:large","max-video-preview":"max-video-preview:-1"},"canonical":"https:\/\/avicennaint.com\/sq\/departments\/","og_locale":"sq_AL","og_type":"article","og_title":"Sh\u00ebrbimet","og_url":"https:\/\/avicennaint.com\/sq\/departments\/","og_site_name":"Avicenna Hastanesi","article_publisher":"https:\/\/www.facebook.com\/avicennaint","article_modified_time":"2025-05-15T05:42:56+00:00","twitter_card":"summary_large_image","twitter_site":"@avicennaintcom","twitter_misc":{"Est. reading time":"3 minutes"},"schema":{"@context":"https:\/\/schema.org","@graph":[{"@type":"WebPage","@id":"https:\/\/avicennaint.com\/sq\/departments\/","url":"https:\/\/avicennaint.com\/sq\/departments\/","name":"Sh\u00ebrbimet | Istanbul Avicenna International Hospital","isPartOf":{"@id":"https:\/\/avicennaint.com\/sq\/#website"},"datePublished":"2016-09-12T12:53:29+00:00","dateModified":"2025-05-15T05:42:56+00:00","breadcrumb":{"@id":"https:\/\/avicennaint.com\/sq\/departments\/#breadcrumb"},"inLanguage":"sq-AL","potentialAction":[{"@type":"ReadAction","target":["https:\/\/avicennaint.com\/sq\/departments\/"]}]},{"@type":"BreadcrumbList","@id":"https:\/\/avicennaint.com\/sq\/departments\/#breadcrumb","itemListElement":[{"@type":"ListItem","position":1,"name":"Home","item":"https:\/\/avicennaint.com\/sq\/"},{"@type":"ListItem","position":2,"name":"Sh\u00ebrbimet"}]},{"@type":"WebSite","@id":"https:\/\/avicennaint.com\/sq\/#website","url":"https:\/\/avicennaint.com\/sq\/","name":"Avicenna Hastanesi","description":"Avicenna Hospital","publisher":{"@id":"https:\/\/avicennaint.com\/sq\/#organization"},"alternateName":"Avicenna","potentialAction":[{"@type":"SearchAction","target":{"@type":"EntryPoint","urlTemplate":"https:\/\/avicennaint.com\/sq\/?s={search_term_string}"},"query-input":{"@type":"PropertyValueSpecification","valueRequired":true,"valueName":"search_term_string"}}],"inLanguage":"sq-AL"},{"@type":"Organization","@id":"https:\/\/avicennaint.com\/sq\/#organization","name":"Avicenna Hastanesi","alternateName":"Avicenna Hospital","url":"https:\/\/avicennaint.com\/sq\/","logo":{"@type":"ImageObject","inLanguage":"sq-AL","@id":"https:\/\/avicennaint.com\/sq\/#\/schema\/logo\/image\/","url":"https:\/\/avicennaint.com\/wp-content\/uploads\/2021\/04\/avicenna-logo-kare-blog.jpg","contentUrl":"https:\/\/avicennaint.com\/wp-content\/uploads\/2021\/04\/avicenna-logo-kare-blog.jpg","width":800,"height":450,"caption":"Avicenna Hastanesi"},"image":{"@id":"https:\/\/avicennaint.com\/sq\/#\/schema\/logo\/image\/"},"sameAs":["https:\/\/www.facebook.com\/avicennaint","https:\/\/x.com\/avicennaintcom","https:\/\/mastodon.social\/@avicenna","https:\/\/www.instagram.com\/avicennahastanesi\/","https:\/\/www.linkedin.com\/company\/avicennahastanesi\/","https:\/\/www.youtube.com\/@avicennaint\/","https:\/\/www.instagram.com\/avicennaint\/"]}]}},"_links":{"self":[{"href":"https:\/\/avicennaint.com\/sq\/wp-json\/wp\/v2\/pages\/43784","targetHints":{"allow":["GET"]}}],"collection":[{"href":"https:\/\/avicennaint.com\/sq\/wp-json\/wp\/v2\/pages"}],"about":[{"href":"https:\/\/avicennaint.com\/sq\/wp-json\/wp\/v2\/types\/page"}],"author":[{"embeddable":true,"href":"https:\/\/avicennaint.com\/sq\/wp-json\/wp\/v2\/users\/2"}],"replies":[{"embeddable":true,"href":"https:\/\/avicennaint.com\/sq\/wp-json\/wp\/v2\/comments?post=43784"}],"version-history":[{"count":0,"href":"https:\/\/avicennaint.com\/sq\/wp-json\/wp\/v2\/pages\/43784\/revisions"}],"wp:attachment":[{"href":"https:\/\/avicennaint.com\/sq\/wp-json\/wp\/v2\/media?parent=43784"}],"curies":[{"name":"wp","href":"https:\/\/api.w.org\/{rel}","templated":true}]}}